{"id":310,"date":"2013-02-25T16:51:39","date_gmt":"2013-02-25T15:51:39","guid":{"rendered":"http:\/\/localhost:8888\/GHL\/?page_id=310"},"modified":"2022-12-20T13:31:02","modified_gmt":"2022-12-20T12:31:02","slug":"ibiza-real-estate-agency-disclaimer","status":"publish","type":"page","link":"https:\/\/ghl-ibiza.com\/fr\/agence-immobiliere-a-ibiza-clause-de-non-responsabilite\/","title":{"rendered":"Clause de non-responsabilit\u00e9"},"content":{"rendered":"<p>Le responsable de ce site Web est: GOULD HEINZ &amp; LANG CONSULTANTS EN PROPRI\u00c9T\u00c9 IBIZA SL, soci\u00e9t\u00e9 inscrite au registre du commerce de la province d\u2019ILLES BALEARS, volume 253, Folio 210, feuille IB-10519 avec CIF B57731531 et si\u00e8ge social situ\u00e9 Paseo S&rsquo;Alamera \/ Calle del Mar, 07840, Santa Eulalia del Rio (ILLES BALEARS).<\/p>\n<p>Vous pouvez \u00e9galement nous contacter au num\u00e9ro de t\u00e9l\u00e9phone +34 971 339 305 ou \u00e0 l&rsquo;adresse \u00e9lectronique suivante: office@ghl-ibiza.com<\/p>\n<p><strong>Propri\u00e9t\u00e9 intellectuelle et industrielle<\/strong><\/p>\n<p>La conception de ce site Web et ses codes sources, ainsi que les logos, marques et autres signes distinctifs qui y figurent appartiennent \u00e0 GOULD HEINZ &amp; LANG PROPERTY CONSULTANTS IBIZA SL et sont prot\u00e9g\u00e9s par les droits de propri\u00e9t\u00e9 intellectuelle et industrielle correspondants.<\/p>\n<p><strong>Responsabilit\u00e9 du contenu<\/strong><\/p>\n<p>CONSULTANTS IMMOBILIERS GOULD HEINZ &amp; LANG IBIZA SL n&rsquo;est pas responsable de la l\u00e9galit\u00e9 des sites Web de tiers \u00e0 partir desquels ce site Web peut \u00eatre consult\u00e9. CONSULTANTS IMMOBILIERS GOULD HEINZ &amp; LANG IBIZA SL n&rsquo;est pas responsable de la l\u00e9galit\u00e9 des sites Web de tiers, pouvant \u00eatre li\u00e9s \u00e0 ce site.<\/p>\n<p>CONSULTANTS IMMOBILIERS GOULD HEINZ &amp; LANG IBIZA SL se r\u00e9serve le droit d&rsquo;apporter des modifications au site Web sans pr\u00e9avis, afin de maintenir vos informations \u00e0 jour, d&rsquo;ajouter, de modifier, de corriger ou d&rsquo;\u00e9liminer les contenus publi\u00e9s ou la conception du portail. GOULD HEINZ &amp; LANG CONSULTANTS IMMOBILIERS IBIZA SL ne sera pas responsable de l&rsquo;utilisation que des tiers font des informations publi\u00e9es sur le portail, ni des dommages subis ou des pertes \u00e9conomiques qui, directement ou indirectement, produisent ou pourraient causer des dommages \u00e9conomiques, mat\u00e9riels ou mat\u00e9riels. sur les donn\u00e9es, caus\u00e9es par l&rsquo;utilisation de ces informations.<\/p>\n<p><strong>Reproduction du contenu<\/strong><\/p>\n<p>La reproduction totale ou partielle du contenu publi\u00e9 sur ce site est interdite sans autorisation \u00e9crite pr\u00e9alable de GOULD HEINZ &amp; LANG PROPERTY CONSULTANTS IBIZA SL.<\/p>\n<p>Toutes les informations concernant la confidentialit\u00e9, vous les avez dans notre <a href=\"\/fr\/privacy-policy\/\">politique de confidentialit\u00e9<\/a>.<\/p>","protected":false},"excerpt":{"rendered":"<p>Le responsable de ce site Web est: GOULD HEINZ &amp; LANG CONSULTANTS EN PROPRI\u00c9T\u00c9 IBIZA SL, soci\u00e9t\u00e9 inscrite au registre &hellip;<\/p>\n","protected":false},"author":1001005,"featured_media":20188,"parent":0,"menu_order":18,"comment_status":"open","ping_status":"open","template":"","meta":{"_acf_changed":false,"footnotes":""},"class_list":["post-310","page","type-page","status-publish","has-post-thumbnail","hentry"],"acf":[],"_links":{"self":[{"href":"https:\/\/ghl-ibiza.com\/fr\/wp-json\/wp\/v2\/pages\/310","targetHints":{"allow":["GET"]}}],"collection":[{"href":"https:\/\/ghl-ibiza.com\/fr\/wp-json\/wp\/v2\/pages"}],"about":[{"href":"https:\/\/ghl-ibiza.com\/fr\/wp-json\/wp\/v2\/types\/page"}],"author":[{"embeddable":true,"href":"https:\/\/ghl-ibiza.com\/fr\/wp-json\/wp\/v2\/users\/1001005"}],"replies":[{"embeddable":true,"href":"https:\/\/ghl-ibiza.com\/fr\/wp-json\/wp\/v2\/comments?post=310"}],"version-history":[{"count":1,"href":"https:\/\/ghl-ibiza.com\/fr\/wp-json\/wp\/v2\/pages\/310\/revisions"}],"predecessor-version":[{"id":59795,"href":"https:\/\/ghl-ibiza.com\/fr\/wp-json\/wp\/v2\/pages\/310\/revisions\/59795"}],"wp:featuredmedia":[{"embeddable":true,"href":"https:\/\/ghl-ibiza.com\/fr\/wp-json\/wp\/v2\/media\/20188"}],"wp:attachment":[{"href":"https:\/\/ghl-ibiza.com\/fr\/wp-json\/wp\/v2\/media?parent=310"}],"curies":[{"name":"wp","href":"https:\/\/api.w.org\/{rel}","templated":true}]}}