{"id":277,"date":"2013-02-24T20:59:21","date_gmt":"2013-02-24T19:59:21","guid":{"rendered":"http:\/\/localhost:8888\/GHL\/?page_id=277"},"modified":"2023-09-21T17:37:33","modified_gmt":"2023-09-21T15:37:33","slug":"service","status":"publish","type":"page","link":"https:\/\/ghl-ibiza.com\/fr\/services-offerts-par-ghl-property-consultants-ibiza\/","title":{"rendered":"Service"},"content":{"rendered":"<p><\/p>\n<h2 style=\"text-align: justify;\">Consultation de Biens Immobiliers<\/h2>\n<p style=\"text-align: justify;\">Notre service consultatif ind\u00e9pendant peut \u00eatre factur\u00e9es \u00e0 un taux horaire. Tant les vendeurs comme les acheteurs sont invit\u00e9s de profiter de notre exp\u00e9rience et expertise dans le domaine des \u00e9valuations du march\u00e9, les strat\u00e9gies de marketing, des questions juridiques, les faisabilit\u00e9s de construction et des obligations contractuelles. Ce service peut \u00eatre offert de fa\u00e7on ind\u00e9pendante.<\/p>\n<h2 style=\"text-align: justify;\">Mandat de recherche exclusif<\/h2>\n<p style=\"text-align: justify;\">Nous offrons \u00e0 nos clients un suivi complet du march\u00e9 immobilier \u00e0 Ibiza. Nous esp\u00e9rons d&rsquo;avoir la propri\u00e9t\u00e9 juste pour vous dans notre portefeuille, mais sinon, nous avons un vaste r\u00e9seau de collaborateurs avec qui nous avons eu une relation professionnelle et \u00e9prouv\u00e9e dans le pass\u00e9. Ce mode de travail nous permet de trouver la propri\u00e9t\u00e9 juste pour le client juste.<\/p>\n<p style=\"text-align: justify;\">Au d\u00e9part, nous m\u00e8nerons une analyse m\u00e9ticuleuse de vos besoins et demandes. Vous serez alors nomm\u00e9s un partenaire qui coordonnera le processus de recherche. Toutes les propri\u00e9t\u00e9s propos\u00e9es seront pr\u00e9vues et l\u00e9galement v\u00e9rifi\u00e9es avant une visite \u00e0 la propri\u00e9t\u00e9.<\/p>\n<h2 style=\"text-align: justify;\">Services juridiques<\/h2>\n<p style=\"text-align: justify;\">Nous ne sommes pas un cabinet d&rsquo;avocat, mais en raison de notre vaste exp\u00e9rience dans le march\u00e9 immobilier nous sommes en mesure de provisionner une gamme \u00e9tendue de professionnels. Nous travaillons avec les meilleurs cabinets d&rsquo;avocats, conseillers fiscaux et des architectes. Nous pouvons g\u00e9rer des introductions, des r\u00e9unions sur place, accompagnement aux rendez-vous et toute l&rsquo;op\u00e9ration du processus.<\/p>\n<h2 style=\"text-align: justify;\">\u00c9valuation du march\u00e9<\/h2>\n<p style=\"text-align: justify;\">Nous offrons une \u00e9valuation du march\u00e9 professionnelle effectu\u00e9e par l&rsquo;un des partenaires. Nous utilisons la m\u00e9thode la plus efficace d&rsquo;\u00e9valuation des biens immobiliers en obtenant des renseignements concernant les ventes r\u00e9centes comparables, le contexte juridique de votre propi\u00e9t\u00e9, la situation actuelle du march\u00e9 et nos ann\u00e9es d&rsquo;exp\u00e9rience \u00e0 Ibiza. Chaque \u00e9valuation est double v\u00e9rifi\u00e9e avec les autres partenaires.<\/p>\n<h2 style=\"text-align: justify;\">Ventes exclusives comme l&rsquo;agence principale<\/h2>\n<p style=\"text-align: justify;\">La plupart des vendeurs se demandent s&rsquo;ils devraient donner leurs propri\u00e9t\u00e9s \u00e0 plusieurs agences pour couvrir le march\u00e9 entier. Nous pouvons offrir \u00e0 nos clients un mandat exclusif de vente comme agence principale. Selon le type de propri\u00e9t\u00e9, nous l&rsquo;offrirons \u00e0 un r\u00e9seau d&rsquo;agences choisies avec lesquelles nous avons r\u00e9ussi a coop\u00e9r\u00e9 dans le pass\u00e9<\/p>\n<h3 style=\"text-align: justify;\">Avantages pour le vendeur :<\/h3>\n<ul style=\"text-align: justify;\">\n<li>Qu&rsquo;une seul personne de contact, un partenaire de GHL<\/li>\n<li>Strat\u00e9gie de marketing sur mesure selon le type de propri\u00e9t\u00e9<\/li>\n<li>L\u2019\u00e9vasion de fausses informations sur votre propri\u00e9t\u00e9 dans le march\u00e9<\/li>\n<li>Publication s\u00e9lectionn\u00e9 et limit\u00e9e de votre propri\u00e9t\u00e9 afin de garantir le meilleur(e) \u00a0prix de vente possible<\/li>\n<li>Agences associ\u00e9es travaillent uniquement sur les conditions de GHL<\/li>\n<li>Pr\u00e9-s\u00e9lection des clients et organisation de visites a la propri\u00e9t\u00e9 par GHL<\/li>\n<li>Informations, visites a la propri\u00e9t\u00e9, n\u00e9gociations des prix par des tierces parties seulement avec l&rsquo;autorisation pr\u00e9alable de GHL<\/li>\n<\/ul>\n<p><\/p>","protected":false},"excerpt":{"rendered":"<p>Consultation de Biens Immobiliers Notre service consultatif ind\u00e9pendant peut \u00eatre factur\u00e9es \u00e0 un taux horaire. Tant les vendeurs comme les &hellip;<\/p>\n","protected":false},"author":1001005,"featured_media":54070,"parent":0,"menu_order":12,"comment_status":"open","ping_status":"open","template":"pages\/template-service.php","meta":{"_acf_changed":false,"footnotes":""},"class_list":["post-277","page","type-page","status-publish","has-post-thumbnail","hentry"],"acf":[],"_links":{"self":[{"href":"https:\/\/ghl-ibiza.com\/fr\/wp-json\/wp\/v2\/pages\/277","targetHints":{"allow":["GET"]}}],"collection":[{"href":"https:\/\/ghl-ibiza.com\/fr\/wp-json\/wp\/v2\/pages"}],"about":[{"href":"https:\/\/ghl-ibiza.com\/fr\/wp-json\/wp\/v2\/types\/page"}],"author":[{"embeddable":true,"href":"https:\/\/ghl-ibiza.com\/fr\/wp-json\/wp\/v2\/users\/1001005"}],"replies":[{"embeddable":true,"href":"https:\/\/ghl-ibiza.com\/fr\/wp-json\/wp\/v2\/comments?post=277"}],"version-history":[{"count":3,"href":"https:\/\/ghl-ibiza.com\/fr\/wp-json\/wp\/v2\/pages\/277\/revisions"}],"predecessor-version":[{"id":65642,"href":"https:\/\/ghl-ibiza.com\/fr\/wp-json\/wp\/v2\/pages\/277\/revisions\/65642"}],"wp:featuredmedia":[{"embeddable":true,"href":"https:\/\/ghl-ibiza.com\/fr\/wp-json\/wp\/v2\/media\/54070"}],"wp:attachment":[{"href":"https:\/\/ghl-ibiza.com\/fr\/wp-json\/wp\/v2\/media?parent=277"}],"curies":[{"name":"wp","href":"https:\/\/api.w.org\/{rel}","templated":true}]}}