{"id":274,"date":"2013-02-24T20:45:37","date_gmt":"2013-02-24T19:45:37","guid":{"rendered":"http:\/\/localhost:8888\/GHL\/?page_id=274"},"modified":"2024-11-07T19:15:13","modified_gmt":"2024-11-07T18:15:13","slug":"profil","status":"publish","type":"page","link":"https:\/\/ghl-ibiza.com\/fr\/agence-immobiliere-ibiza\/","title":{"rendered":"Profil"},"content":{"rendered":"<p><\/p>\n<div class=\"leftcol\">\n<p>Gould Heinz Lang property consultants Ibiza est une agence immobili\u00e8re g\u00e9r\u00e9e par les partenaires qui travaillent pour une client\u00e8le limit\u00e9 et s\u00e9lectionn\u00e9 \u00e0 Ibiza. Nos clients sont exclusivement servis par un partenaire. Par cons\u00e9quence et en raison des ann\u00e9es d&rsquo;exp\u00e9rience dans le march\u00e9 immobili\u00e8re et dans l&rsquo;\u00eele d&rsquo;Ibiza, nous pouvons garantir un niveau de service exceptionnel.<\/p>\n<p><strong>GHL est sp\u00e9cialis\u00e9e dans les propri\u00e9t\u00e9s de luxe, les <i>Finca-estates<\/i>, projets de construction exclusifs, et outre des propri\u00e9t\u00e9s ailleurs du march\u00e9. Nous pouvons \u00e9galement offrir des occasions d&rsquo;affaires tels que les h\u00f4tels de bord de mer pour r\u00e9former, les parcelles pour utilisation touristique et les propri\u00e9t\u00e9s pour une utilisation comme h\u00f4tels ruraux. De plus, nous offrons propri\u00e9t\u00e9s sur la p\u00e9ninsule ib\u00e9rique pour les investisseurs et les fonds d&rsquo;investissement qui encore sont devenus tr\u00e8s int\u00e9ressants. <\/strong>En raison de nos contacts excellents, nous sommes en mesure d&rsquo;acqu\u00e9rir le juste type de propri\u00e9t\u00e9s pour nos clients.<\/p>\n<\/div>\n<div class=\"rightcol\">\n<p>Notre objectif est le service individuel et fait sur mesure pour chaque client afin de r\u00e9aliser votre r\u00eave, une propri\u00e9t\u00e9 \u00e0 Ibiza. Nous vous guiderons \u00e0 travers du processus d&rsquo;achat, a commencer par la premi\u00e8re d\u00e9finition de vos besoins et exigences jusqu\u00b4au rendez-vous au notaire, et nous vous offrirons \u00e9galement divers services d&rsquo;apr\u00e8s-vente. Nous offrons seulement des propri\u00e9t\u00e9s pour \u00e0 nos clients qui ont \u00e9t\u00e9 l\u00e9galement v\u00e9rifi\u00e9es avant la premi\u00e8re visite de la propri\u00e9t\u00e9. Cela permet \u00e0 nos clients de gagner du temps et \u00e9viter la frustration. \u00c7a c\u2019est aussi important pour le vendeur. Le juste prix de vente, l&rsquo;ensemble complet des documents corrects, et la strat\u00e9gie de marketing ad\u00e9quat sont indispensables pour une vente r\u00e9ussie.L&rsquo;ind\u00e9pendance est notre force. GHL n\u00b4est \u00a0ni associ\u00e9 \u00e0 un r\u00e9seau, ni \u00e1 une autre institution, ni \u00e0 une filiale d&rsquo;une autre agence immobili\u00e8re ou une autre institution financi\u00e8re. Cela garant \u00e0 nos clients que notre service ne peut jamais \u00eatre compromis par aucun autre int\u00e9r\u00eat d\u00b4affaire.<\/p>\n<\/div>\n<p><\/p>","protected":false},"excerpt":{"rendered":"<p>Gould Heinz Lang property consultants Ibiza est une agence immobili\u00e8re g\u00e9r\u00e9e par les partenaires qui travaillent pour une client\u00e8le limit\u00e9 &hellip;<\/p>\n","protected":false},"author":1001005,"featured_media":54061,"parent":0,"menu_order":11,"comment_status":"open","ping_status":"open","template":"pages\/template-blocks.php","meta":{"_acf_changed":false,"footnotes":""},"class_list":["post-274","page","type-page","status-publish","has-post-thumbnail","hentry"],"acf":[],"_links":{"self":[{"href":"https:\/\/ghl-ibiza.com\/fr\/wp-json\/wp\/v2\/pages\/274","targetHints":{"allow":["GET"]}}],"collection":[{"href":"https:\/\/ghl-ibiza.com\/fr\/wp-json\/wp\/v2\/pages"}],"about":[{"href":"https:\/\/ghl-ibiza.com\/fr\/wp-json\/wp\/v2\/types\/page"}],"author":[{"embeddable":true,"href":"https:\/\/ghl-ibiza.com\/fr\/wp-json\/wp\/v2\/users\/1001005"}],"replies":[{"embeddable":true,"href":"https:\/\/ghl-ibiza.com\/fr\/wp-json\/wp\/v2\/comments?post=274"}],"version-history":[{"count":5,"href":"https:\/\/ghl-ibiza.com\/fr\/wp-json\/wp\/v2\/pages\/274\/revisions"}],"predecessor-version":[{"id":71094,"href":"https:\/\/ghl-ibiza.com\/fr\/wp-json\/wp\/v2\/pages\/274\/revisions\/71094"}],"wp:featuredmedia":[{"embeddable":true,"href":"https:\/\/ghl-ibiza.com\/fr\/wp-json\/wp\/v2\/media\/54061"}],"wp:attachment":[{"href":"https:\/\/ghl-ibiza.com\/fr\/wp-json\/wp\/v2\/media?parent=274"}],"curies":[{"name":"wp","href":"https:\/\/api.w.org\/{rel}","templated":true}]}}