{"id":19911,"date":"2018-01-01T22:30:07","date_gmt":"2018-01-01T21:30:07","guid":{"rendered":"https:\/\/ghl-ibiza.com\/?page_id=19911"},"modified":"2021-12-20T18:13:27","modified_gmt":"2021-12-20T17:13:27","slug":"terms-conditions","status":"publish","type":"page","link":"https:\/\/ghl-ibiza.com\/fr\/conditions-generales\/","title":{"rendered":"Conditions g\u00e9n\u00e9rales"},"content":{"rendered":"<p>Sauf mention expresse par \u00e9crit, les conditions g\u00e9n\u00e9rales imprim\u00e9es dans le pr\u00e9sent document s&rsquo;appliquent \u00e0 tout contrat conclu par la soci\u00e9t\u00e9. En versant un acompte, le client est r\u00e9put\u00e9 avoir confirm\u00e9 le contrat et avoir accept\u00e9 les pr\u00e9sentes conditions g\u00e9n\u00e9rales.<\/p>\n<h3>R\u00e9servations<\/h3>\n<p>Avant d&rsquo;effectuer une r\u00e9servation, vous devez nous contacter pour obtenir la confirmation que la propri\u00e9t\u00e9 que vous avez choisie est disponible aux dates demand\u00e9es. Pour r\u00e9server une villa ou un appartement, vous devez nous envoyer un acompte de 50 % du prix de la location, sauf si un pourcentage inf\u00e9rieur a \u00e9t\u00e9 convenu. Cet acompte peut \u00eatre vers\u00e9 par virement bancaire ou par le biais du paiement en ligne.<\/p>\n<p>Les r\u00e9servations ne peuvent \u00eatre accept\u00e9es pour les personnes \u00e2g\u00e9es de moins de 18 ans. Nous nous r\u00e9servons le droit de refuser une r\u00e9servation sans en donner la raison.<\/p>\n<h3>Montant de la location<\/h3>\n<p>Le paiement du solde de la location se fait normalement 6 semaines avant la date d&rsquo;arriv\u00e9e. Si vous r\u00e9servez votre s\u00e9jour moins de 30 jours avant votre date d&rsquo;arriv\u00e9e, le montant total du s\u00e9jour est payable au moment de la r\u00e9servation.<br \/>\nCertaines propri\u00e9t\u00e9s peuvent avoir des dispositions diff\u00e9rentes pour le paiement du solde, qui seront expliqu\u00e9es au moment de la r\u00e9servation.<\/p>\n<p>La r\u00e9ception et l&rsquo;encaissement de tout d\u00e9p\u00f4t ne constituent pas une acceptation de la r\u00e9servation : un contrat contraignant existe lorsque nous \u00e9mettons une facture de confirmation.<\/p>\n<p>Les prix indiqu\u00e9s sont en euros et la p\u00e9riode de location est hebdomadaire.<\/p>\n<h3>D\u00e9p\u00f4t de garantie<\/h3>\n<p>Un d\u00e9p\u00f4t de garantie pour l&rsquo;inventaire et la casse peut \u00eatre exig\u00e9 (g\u00e9n\u00e9ralement de 1 000 \u00e0 5 000 euros) afin de se pr\u00e9munir contre d&rsquo;\u00e9ventuels dommages \u00e0 la propri\u00e9t\u00e9 ou contre toute violation des pr\u00e9sentes conditions de location ; ce d\u00e9p\u00f4t sera normalement d\u00e9tenu par GHL Ibiza au nom des deux parties.\u00a0 Les propri\u00e9t\u00e9s sont lou\u00e9es enti\u00e8rement meubl\u00e9es et \u00e9quip\u00e9es. Le prix de la plupart des propri\u00e9t\u00e9s comprend le gaz, l&rsquo;\u00e9lectricit\u00e9, l&rsquo;eau et le linge. Les locataires assument la responsabilit\u00e9 conjointe de tout type de dommages caus\u00e9s \u00e0 la propri\u00e9t\u00e9 du propri\u00e9taire, par eux-m\u00eames ou par d&rsquo;autres occupants.<\/p>\n<h3>Annulations<\/h3>\n<p>Dans le cas peu probable o\u00f9 il serait n\u00e9cessaire de modifier ou d&rsquo;annuler le logement de vacances sp\u00e9cifi\u00e9, nous vous en informerons d\u00e8s que possible et, sur demande, nous essaierons d&rsquo;organiser un autre logement de vacances d&rsquo;un type et d&rsquo;un niveau similaires et dans un endroit similaire \u00e0 celui initialement demand\u00e9. Si l&rsquo;h\u00e9bergement de remplacement n&rsquo;est pas acceptable, nous vous rembourserons int\u00e9gralement les sommes vers\u00e9es et nous ne serons pas tenus responsables.<\/p>\n<p>Si une annulation est faite au nom du client, un remboursement ne sera effectu\u00e9 que si une autre r\u00e9servation peut \u00eatre faite pour les dates en question. Si nous ne sommes pas en mesure de r\u00e9server \u00e0 nouveau la propri\u00e9t\u00e9, l&rsquo;acompte sera retenu.<\/p>\n<p>Nous nous efforcerons de r\u00e9server \u00e0 nouveau la villa pour vous.<\/p>\n<h3>Arriv\u00e9e et d\u00e9part<\/h3>\n<p>Sauf indication contraire, la propri\u00e9t\u00e9 doit \u00eatre pr\u00eate \u00e0 \u00eatre occup\u00e9e \u00e0 16h00 le premier jour de la p\u00e9riode de location et doit \u00eatre lib\u00e9r\u00e9e \u00e0 10h00 le dernier jour de la p\u00e9riode de location.<\/p>\n<h3>Nombre d&rsquo;invit\u00e9s \/ Bruit<\/h3>\n<p>Il est interdit d&rsquo;avoir des sous-locataires ou de c\u00e9der tout ou partie de la propri\u00e9t\u00e9 \u00e0 des tiers. Le nombre de personnes s\u00e9journant dans la maison ne doit pas d\u00e9passer le nombre de places de couchage.\u00a0 Les rassemblements ou \u00e9v\u00e9nements r\u00e9unissant un nombre de personnes sup\u00e9rieur \u00e0 la capacit\u00e9 de la propri\u00e9t\u00e9 sont strictement interdits, sauf accord pr\u00e9alable par \u00e9crit. La permission sera accord\u00e9e \u00e0 la discr\u00e9tion des propri\u00e9taires. Le locataire accepte de ne pas avoir de musique forte ou de bruit qui pourrait causer une perturbation de la paix pour les voisins environnants et, selon la loi espagnole, pas de musique \u00e0 l&rsquo;ext\u00e9rieur apr\u00e8s 12h00 (minuit) et les sons ne doivent pas d\u00e9passer 45 d\u00e9cibels apr\u00e8s 22h00. Aucun syst\u00e8me de musique ou haut-parleur ne peut \u00eatre apport\u00e9 dans la propri\u00e9t\u00e9 par le locataire autre que ceux fournis avec la maison. Si le propri\u00e9taire constate que l&rsquo;une de ces interdictions n&rsquo;est pas respect\u00e9e, cela peut entra\u00eener la fin imm\u00e9diate du contrat de location avec la perte du co\u00fbt total de la r\u00e9servation et du d\u00e9p\u00f4t de garantie\/dommages sans possibilit\u00e9 de remboursement. Les locataires doivent lib\u00e9rer la maison et rendre les cl\u00e9s au moment indiqu\u00e9 par le propri\u00e9taire.<\/p>\n<p>Une copie de la page de la photo du passeport est requise.<\/p>\n<h3>Conditions g\u00e9n\u00e9rales de location<\/h3>\n<p>Le propri\u00e9taire ou son repr\u00e9sentant est autoris\u00e9 \u00e0 acc\u00e9der au logement de vacances \u00e0 tout moment raisonnable pendant l&rsquo;occupation des vacances \u00e0 des fins d&rsquo;inspection et d&rsquo;entretien.<\/p>\n<p>Le client garantit qu&rsquo;il doit fournir sa propre assurance de vacances.<\/p>\n<p>Responsabilit\u00e9 envers les tiers. Ni le propri\u00e9taire ni son repr\u00e9sentant ne seront tenus responsables de la perte ou de l&rsquo;endommagement d&rsquo;effets personnels ou de blessures corporelles.<\/p>\n<p>La soci\u00e9t\u00e9 ne sera pas tenue responsable des probl\u00e8mes d&rsquo;\u00e9lectricit\u00e9 et d&rsquo;eau sur toutes les propri\u00e9t\u00e9s ; toute compensation est de la responsabilit\u00e9 du propri\u00e9taire, GHL Ibiza vous aidera \u00e0 r\u00e9clamer si l&rsquo;occasion se pr\u00e9sente. Sachez qu&rsquo;\u00e0 Ibiza, il y a beaucoup de coupures de courant et de probl\u00e8mes d&rsquo;eau, ce qui est hors de notre contr\u00f4le et personne ne peut \u00eatre tenu responsable et aucune compensation ne sera vers\u00e9e si ce n&rsquo;est pas la faute du propri\u00e9taire.<\/p>\n<p>Aucun animal de compagnie ne peut \u00eatre amen\u00e9 dans la propri\u00e9t\u00e9 sans le consentement \u00e9crit pr\u00e9alable du propri\u00e9taire.<\/p>\n<p>Toutes les maisons et tous les appartements <strong>DOIVENT<\/strong> \u00eatre rendus dans un \u00e9tat similaire \u00e0 celui dans lequel vous les avez re\u00e7us, si vous laissez des sacs poubelles et que la maison ou l&rsquo;appartement est laiss\u00e9 en d\u00e9sordre, des frais de nettoyage suppl\u00e9mentaires vous seront factur\u00e9s.<\/p>\n<p>GHL Ibiza s&rsquo;efforce de s&rsquo;assurer que les informations fournies par les propri\u00e9taires correspondent exactement \u00e0 la publicit\u00e9 que nous faisons. Cependant, de petites diff\u00e9rences entre la propri\u00e9t\u00e9 r\u00e9elle et sa description peuvent se produire. Nous ne pouvons pas \u00eatre tenus responsables de toute diff\u00e9rence d&rsquo;opinion quant \u00e0 l&rsquo;\u00e9tat ou la qualit\u00e9 de la propri\u00e9t\u00e9.<\/p>\n<p>GHL Ibiza agit en tant qu&rsquo;agent de location pour le compte des propri\u00e9taires, sauf indication contraire, et n&rsquo;est en aucun cas responsable de la r\u00e9solution de probl\u00e8mes \u00e9ventuels pendant votre s\u00e9jour dans la propri\u00e9t\u00e9, qui doivent \u00eatre soulev\u00e9s aupr\u00e8s du propri\u00e9taire ou d&rsquo;un repr\u00e9sentant d\u00e9sign\u00e9 du propri\u00e9taire. Nous nous efforcerons toutefois de vous aider de toutes les mani\u00e8res possibles.<\/p>","protected":false},"excerpt":{"rendered":"<p>Sauf mention expresse par \u00e9crit, les conditions g\u00e9n\u00e9rales imprim\u00e9es dans le pr\u00e9sent document s&rsquo;appliquent \u00e0 tout contrat conclu par la &hellip;<\/p>\n","protected":false},"author":1001008,"featured_media":20188,"parent":0,"menu_order":19,"comment_status":"closed","ping_status":"closed","template":"","meta":{"_acf_changed":false,"footnotes":""},"class_list":["post-19911","page","type-page","status-publish","has-post-thumbnail","hentry"],"acf":[],"_links":{"self":[{"href":"https:\/\/ghl-ibiza.com\/fr\/wp-json\/wp\/v2\/pages\/19911","targetHints":{"allow":["GET"]}}],"collection":[{"href":"https:\/\/ghl-ibiza.com\/fr\/wp-json\/wp\/v2\/pages"}],"about":[{"href":"https:\/\/ghl-ibiza.com\/fr\/wp-json\/wp\/v2\/types\/page"}],"author":[{"embeddable":true,"href":"https:\/\/ghl-ibiza.com\/fr\/wp-json\/wp\/v2\/users\/1001008"}],"replies":[{"embeddable":true,"href":"https:\/\/ghl-ibiza.com\/fr\/wp-json\/wp\/v2\/comments?post=19911"}],"version-history":[{"count":0,"href":"https:\/\/ghl-ibiza.com\/fr\/wp-json\/wp\/v2\/pages\/19911\/revisions"}],"wp:featuredmedia":[{"embeddable":true,"href":"https:\/\/ghl-ibiza.com\/fr\/wp-json\/wp\/v2\/media\/20188"}],"wp:attachment":[{"href":"https:\/\/ghl-ibiza.com\/fr\/wp-json\/wp\/v2\/media?parent=19911"}],"curies":[{"name":"wp","href":"https:\/\/api.w.org\/{rel}","templated":true}]}}