{"id":15957,"date":"2016-05-10T16:47:33","date_gmt":"2016-05-10T14:47:33","guid":{"rendered":"http:\/\/inmediaserver.local\/www.ghl-ibiza.com\/?page_id=15957"},"modified":"2018-01-02T17:52:40","modified_gmt":"2018-01-02T16:52:40","slug":"ibiza-property-o","status":"publish","type":"page","link":"https:\/\/ghl-ibiza.com\/fr\/immobilier-ibiza-o\/","title":{"rendered":"immobilier Ibiza"},"content":{"rendered":"<p class=\"qtranxs-available-languages-message qtranxs-available-languages-message-fr\">D\u00e9sol\u00e9, cet article est seulement disponible en <a href=\"https:\/\/ghl-ibiza.com\/en\/wp-json\/wp\/v2\/pages\/15957\" class=\"qtranxs-available-language-link qtranxs-available-language-link-en\" title=\"English\">English<\/a>, <a href=\"https:\/\/ghl-ibiza.com\/de\/wp-json\/wp\/v2\/pages\/15957\" class=\"qtranxs-available-language-link qtranxs-available-language-link-de\" title=\"Deutsch\">Deutsch<\/a> et <a href=\"https:\/\/ghl-ibiza.com\/es\/wp-json\/wp\/v2\/pages\/15957\" class=\"qtranxs-available-language-link qtranxs-available-language-link-es\" title=\"Espa\u00f1ol\">Espa\u00f1ol<\/a>.<\/p>","protected":false},"excerpt":{"rendered":"<p>D\u00e9sol\u00e9, cet article est seulement disponible en English, Deutsch et Espa\u00f1ol.<\/p>\n","protected":false},"author":1001005,"featured_media":6984,"parent":0,"menu_order":43,"comment_status":"closed","ping_status":"closed","template":"","meta":{"_acf_changed":false,"footnotes":""},"class_list":["post-15957","page","type-page","status-publish","has-post-thumbnail","hentry"],"acf":[],"_links":{"self":[{"href":"https:\/\/ghl-ibiza.com\/fr\/wp-json\/wp\/v2\/pages\/15957","targetHints":{"allow":["GET"]}}],"collection":[{"href":"https:\/\/ghl-ibiza.com\/fr\/wp-json\/wp\/v2\/pages"}],"about":[{"href":"https:\/\/ghl-ibiza.com\/fr\/wp-json\/wp\/v2\/types\/page"}],"author":[{"embeddable":true,"href":"https:\/\/ghl-ibiza.com\/fr\/wp-json\/wp\/v2\/users\/1001005"}],"replies":[{"embeddable":true,"href":"https:\/\/ghl-ibiza.com\/fr\/wp-json\/wp\/v2\/comments?post=15957"}],"version-history":[{"count":0,"href":"https:\/\/ghl-ibiza.com\/fr\/wp-json\/wp\/v2\/pages\/15957\/revisions"}],"wp:featuredmedia":[{"embeddable":true,"href":"https:\/\/ghl-ibiza.com\/fr\/wp-json\/wp\/v2\/media\/6984"}],"wp:attachment":[{"href":"https:\/\/ghl-ibiza.com\/fr\/wp-json\/wp\/v2\/media?parent=15957"}],"curies":[{"name":"wp","href":"https:\/\/api.w.org\/{rel}","templated":true}]}}