{"id":15942,"date":"2016-05-10T16:45:24","date_gmt":"2016-05-10T14:45:24","guid":{"rendered":"http:\/\/inmediaserver.local\/www.ghl-ibiza.com\/?page_id=15942"},"modified":"2023-02-06T12:45:50","modified_gmt":"2023-02-06T11:45:50","slug":"ibiza-properties","status":"publish","type":"page","link":"https:\/\/ghl-ibiza.com\/fr\/immobilier-ibiza\/","title":{"rendered":"Immobilier Ibiza"},"content":{"rendered":"<p class=\"qtranxs-available-languages-message qtranxs-available-languages-message-fr\">D\u00e9sol\u00e9, cet article est seulement disponible en <a href=\"https:\/\/ghl-ibiza.com\/en\/wp-json\/wp\/v2\/pages\/15942\" class=\"qtranxs-available-language-link qtranxs-available-language-link-en\" title=\"English\">English<\/a>, <a href=\"https:\/\/ghl-ibiza.com\/de\/wp-json\/wp\/v2\/pages\/15942\" class=\"qtranxs-available-language-link qtranxs-available-language-link-de\" title=\"Deutsch\">Deutsch<\/a> et <a href=\"https:\/\/ghl-ibiza.com\/es\/wp-json\/wp\/v2\/pages\/15942\" class=\"qtranxs-available-language-link qtranxs-available-language-link-es\" title=\"Espa\u00f1ol\">Espa\u00f1ol<\/a>.<\/p>","protected":false},"excerpt":{"rendered":"<p>D\u00e9sol\u00e9, cet article est seulement disponible en English, Deutsch et Espa\u00f1ol.<\/p>\n","protected":false},"author":1001005,"featured_media":0,"parent":0,"menu_order":9,"comment_status":"closed","ping_status":"closed","template":"pages\/template-properties.php","meta":{"_acf_changed":false,"footnotes":""},"class_list":["post-15942","page","type-page","status-publish","hentry"],"acf":[],"_links":{"self":[{"href":"https:\/\/ghl-ibiza.com\/fr\/wp-json\/wp\/v2\/pages\/15942","targetHints":{"allow":["GET"]}}],"collection":[{"href":"https:\/\/ghl-ibiza.com\/fr\/wp-json\/wp\/v2\/pages"}],"about":[{"href":"https:\/\/ghl-ibiza.com\/fr\/wp-json\/wp\/v2\/types\/page"}],"author":[{"embeddable":true,"href":"https:\/\/ghl-ibiza.com\/fr\/wp-json\/wp\/v2\/users\/1001005"}],"replies":[{"embeddable":true,"href":"https:\/\/ghl-ibiza.com\/fr\/wp-json\/wp\/v2\/comments?post=15942"}],"version-history":[{"count":6,"href":"https:\/\/ghl-ibiza.com\/fr\/wp-json\/wp\/v2\/pages\/15942\/revisions"}],"predecessor-version":[{"id":61009,"href":"https:\/\/ghl-ibiza.com\/fr\/wp-json\/wp\/v2\/pages\/15942\/revisions\/61009"}],"wp:attachment":[{"href":"https:\/\/ghl-ibiza.com\/fr\/wp-json\/wp\/v2\/media?parent=15942"}],"curies":[{"name":"wp","href":"https:\/\/api.w.org\/{rel}","templated":true}]}}