{"id":129,"date":"2013-02-21T20:12:11","date_gmt":"2013-02-21T19:12:11","guid":{"rendered":"http:\/\/localhost:8888\/GHL\/?page_id=129"},"modified":"2023-09-21T17:22:17","modified_gmt":"2023-09-21T15:22:17","slug":"home","status":"publish","type":"page","link":"https:\/\/ghl-ibiza.com\/fr\/","title":{"rendered":"Home"},"content":{"rendered":"<p>Les conseillers immobiliers Gould Heinz &#038; Lang sont une agence immobili\u00e8re sur mesure \u00e0 Ibiza, bas\u00e9e \u00e0 Santa Eul\u00e0ria, offrant une exp\u00e9rience v\u00e9ritablement personnalis\u00e9e et sur mesure pour l&rsquo;achat, la vente ou la location de biens immobiliers de luxe \u00e0 Ibiza. Ensemble, les membres de l&rsquo;\u00e9quipe GHL ont une exp\u00e9rience combin\u00e9e de plus de 30 ans, et disposent d&rsquo;une connaissance approfondie et d&rsquo;un acc\u00e8s \u00e0 certaines des propri\u00e9t\u00e9s les plus uniques disponibles \u00e0 Ibiza, en Espagne. Nous op\u00e9rons sur toute l&rsquo;\u00eele, en nous concentrant sur les endroits les plus recherch\u00e9s, notamment Santa Gertrudis, Marina Botafoch, Es Cubells, Ibiza Town, Dalt Vila, Santa Eulalia, San Juan, San Jose, San Lorenzo et Roca Llisa. Et des attributs souhaitables tels que des vues sur la mer, des parcelles isol\u00e9es ou un cadre insulaire unique. Nous offrons \u00e9galement un acc\u00e8s au march\u00e9 commercial, aux terrains \u00e0 b\u00e2tir de premi\u00e8re qualit\u00e9 et \u00e0 toutes les propri\u00e9t\u00e9s hors march\u00e9.<\/p>\n<p>Avec des propri\u00e9taires bas\u00e9s \u00e0 Ibiza, l&rsquo;agence dispose d&rsquo;une vaste connaissance couvrant tous les aspects de l&rsquo;achat, de la vente ou de la location de biens immobiliers sur l&rsquo;\u00eele. Gr\u00e2ce \u00e0 un r\u00e9seau complet de contacts \u00e0 Ibiza, nous sommes en mesure de guider nos clients \u00e0 chaque \u00e9tape, depuis les aspects juridiques de chaque achat jusqu&rsquo;\u00e0 la conclusion de la vente. Nous sommes m\u00e9ticuleux lorsqu&rsquo;il s&rsquo;agit de r\u00e9pertorier les propri\u00e9t\u00e9s et nous prenons grand soin de choisir les bonnes villas, appartements de luxe, fincas et maisons de vacances pour nos clients.<br \/>\nNotre diff\u00e9rence r\u00e9side dans une profonde connaissance d&rsquo;Ibiza en tant que lieu. Oui, c&rsquo;est un march\u00e9 immobilier de luxe, mais c&rsquo;est aussi une \u00eele spirituelle. De nos jours, les gens ne recherchent pas seulement les f\u00eates sur les bateaux et la gastronomie, mais aussi la paix, le calme et la revitalisation. Notre service de conciergerie est en mesure de mettre les clients en contact avec les personnes qui peuvent faciliter ces exp\u00e9riences, et de mettre en place des collaborations avec des services de location de villas ou de finca de luxe appropri\u00e9s.<\/p>","protected":false},"excerpt":{"rendered":"<p>Les conseillers immobiliers Gould Heinz &#038; Lang sont une agence immobili\u00e8re sur mesure \u00e0 Ibiza, bas\u00e9e \u00e0 Santa Eul\u00e0ria, offrant &hellip;<\/p>\n","protected":false},"author":1001005,"featured_media":54051,"parent":0,"menu_order":1,"comment_status":"open","ping_status":"closed","template":"pages\/template-home.php","meta":{"_acf_changed":false,"footnotes":""},"class_list":["post-129","page","type-page","status-publish","has-post-thumbnail","hentry"],"acf":[],"_links":{"self":[{"href":"https:\/\/ghl-ibiza.com\/fr\/wp-json\/wp\/v2\/pages\/129","targetHints":{"allow":["GET"]}}],"collection":[{"href":"https:\/\/ghl-ibiza.com\/fr\/wp-json\/wp\/v2\/pages"}],"about":[{"href":"https:\/\/ghl-ibiza.com\/fr\/wp-json\/wp\/v2\/types\/page"}],"author":[{"embeddable":true,"href":"https:\/\/ghl-ibiza.com\/fr\/wp-json\/wp\/v2\/users\/1001005"}],"replies":[{"embeddable":true,"href":"https:\/\/ghl-ibiza.com\/fr\/wp-json\/wp\/v2\/comments?post=129"}],"version-history":[{"count":12,"href":"https:\/\/ghl-ibiza.com\/fr\/wp-json\/wp\/v2\/pages\/129\/revisions"}],"predecessor-version":[{"id":65636,"href":"https:\/\/ghl-ibiza.com\/fr\/wp-json\/wp\/v2\/pages\/129\/revisions\/65636"}],"wp:featuredmedia":[{"embeddable":true,"href":"https:\/\/ghl-ibiza.com\/fr\/wp-json\/wp\/v2\/media\/54051"}],"wp:attachment":[{"href":"https:\/\/ghl-ibiza.com\/fr\/wp-json\/wp\/v2\/media?parent=129"}],"curies":[{"name":"wp","href":"https:\/\/api.w.org\/{rel}","templated":true}]}}