{"id":277,"date":"2013-02-24T20:59:21","date_gmt":"2013-02-24T19:59:21","guid":{"rendered":"http:\/\/localhost:8888\/GHL\/?page_id=277"},"modified":"2023-09-21T17:37:33","modified_gmt":"2023-09-21T15:37:33","slug":"service","status":"publish","type":"page","link":"https:\/\/ghl-ibiza.com\/es\/servicios-ofrecidos-por-ghl-property-consultants-ibiza\/","title":{"rendered":"Servicios"},"content":{"rendered":"<p><\/p>\n<h2 style=\"text-align: justify;\">Consultor\u00eda Inmobiliaria<\/h2>\n<p style=\"text-align: justify;\">Nuestro servicio como consultor\u00eda independiente puede ser facturado por una tarifa por hora. Ambos vendedores y compradores son bienvenidos a beneficiarse de nuestra experiencia y conocimiento en el campo de las valoraciones de mercado, estrategias de marketing, asuntos legales, viabilidades de construcci\u00f3n y obligaciones contractuales. Este servicio puede ser ofrecido de forma independiente.<\/p>\n<h2 style=\"text-align: justify;\">Mandato de gesti\u00f3n \u00fanica de la b\u00fasqueda<\/h2>\n<p style=\"text-align: justify;\">Ofrecemos a nuestros clientes una monitorizaci\u00f3n completa del mercado inmobiliario en Ibiza. Esperamos tener la propiedad adecuada para usted en nuestro portafolio, pero si no, tenemos una amplia red de colaboradores con los que hemos tenido una relaci\u00f3n profesional comprobada en el pasado. Trabajar de esta manera nos permite encontrar la propiedad adecuada para el cliente correcto.<\/p>\n<p style=\"text-align: justify;\">Inicialmente llevaremos a cabo un an\u00e1lisis minucioso de sus necesidades y demandas. A continuaci\u00f3n, se le nombrar\u00e1 un socio que coordinar\u00e1 el proceso de b\u00fasqueda. Todas las propiedades propuestas ser\u00e1n vistas de antemano y legalmente controladas antes de una visita.<\/p>\n<h2 style=\"text-align: justify;\">Servicios Legales<\/h2>\n<p style=\"text-align: justify;\">No somos un bufete de abogados, pero debido a nuestra amplia experiencia dentro del mercado inmobiliario somos capaces de beneficiarnos de la colaboraci\u00f3n de una extensiva gama de profesionales. Trabajamos con las mejores firmas de abogados, asesores fiscales y arquitectos. Podemos gestionar presentaciones, reuniones in situ, acompa\u00f1amientos a citas y la operaci\u00f3n completa del proceso.<\/p>\n<h2 style=\"text-align: justify;\">La valoraci\u00f3n del mercado<\/h2>\n<p style=\"text-align: justify;\">Ofrecemos una valoraci\u00f3n de mercado profesional llevada a cabo por uno de los socios. Utilizamos el m\u00e9todo m\u00e1s eficiente para la valoraci\u00f3n de propiedades residenciales mediante la obtenci\u00f3n de informaci\u00f3n relativa a ventas comparables recientes, las circunstancias legales de su propiedad, la situaci\u00f3n actual del mercado y nuestros a\u00f1os de experiencia en Ibiza. Cada valoraci\u00f3n se comprueba a continuaci\u00f3n con los otros socios.<\/p>\n<p style=\"text-align: justify;\">Este servicio es parte de nuestra gesti\u00f3n \u00fanica de la venta, pero tambi\u00e9n se puede solicitar de forma independiente por una tarifa aparte. Por ejemplo, si usted desea averiguar el valor de su propiedad con el fin de decidir si venderla o no. Para un comprador eso podr\u00eda ser interesante si usted ha ya encontrado su propiedad, pero no est\u00e1 seguro acerca de la situaci\u00f3n de precios antes de entrar en negociaci\u00f3n.<\/p>\n<h2 style=\"text-align: justify;\">Gesti\u00f3n \u00fanica de la venta como agencia proveedora<\/h2>\n<p style=\"text-align: justify;\">La mayor\u00eda de vendedores se preguntan si deben confiar sus bienes a varias agencias con el fin de cubrir todo el mercado.<br \/>\nPodemos ofrecer a nuestros clientes un mandato de gesti\u00f3n \u00fanica de la venta como agencia proveedora. Seg\u00fan el tipo de propiedad, la ofreceremos a una red de agencias seleccionadas con las que hemos colaborado con \u00e9xito en el pasado.<\/p>\n<h2 style=\"text-align: justify;\">Ventajas para el vendedor<\/h2>\n<ul>\n<li>S\u00f3lo una persona de contacto, un socio de GHL<\/li>\n<li>Estrategia de marketing hecha a medida de acuerdo con el tipo de propiedad<\/li>\n<li>Evitar informaciones falsas acerca de su propiedad en el mercado<\/li>\n<li>Selectiva y limitada publicaci\u00f3n de su propiedad para garantizar el mejor precio de venta Agencias asociadas trabajan \u00fanicamente sobre los t\u00e9rminos y condiciones de GHL<\/li>\n<li>Preselecci\u00f3n de clientes y la organizaci\u00f3n de visitas a la propiedad hechos por GHL<\/li>\n<li>Ausencia de informaci\u00f3n no autorizada, visitas a las propiedades, negociaciones de precio, por parte de terceros sin autorizaci\u00f3n previa de GHL<\/li>\n<\/ul>\n<p><\/p>","protected":false},"excerpt":{"rendered":"<p>Consultor\u00eda Inmobiliaria Nuestro servicio como consultor\u00eda independiente puede ser facturado por una tarifa por hora. Ambos vendedores y compradores son &hellip;<\/p>\n","protected":false},"author":1001005,"featured_media":54070,"parent":0,"menu_order":12,"comment_status":"open","ping_status":"open","template":"pages\/template-service.php","meta":{"_acf_changed":false,"footnotes":""},"class_list":["post-277","page","type-page","status-publish","has-post-thumbnail","hentry"],"acf":[],"_links":{"self":[{"href":"https:\/\/ghl-ibiza.com\/es\/wp-json\/wp\/v2\/pages\/277","targetHints":{"allow":["GET"]}}],"collection":[{"href":"https:\/\/ghl-ibiza.com\/es\/wp-json\/wp\/v2\/pages"}],"about":[{"href":"https:\/\/ghl-ibiza.com\/es\/wp-json\/wp\/v2\/types\/page"}],"author":[{"embeddable":true,"href":"https:\/\/ghl-ibiza.com\/es\/wp-json\/wp\/v2\/users\/1001005"}],"replies":[{"embeddable":true,"href":"https:\/\/ghl-ibiza.com\/es\/wp-json\/wp\/v2\/comments?post=277"}],"version-history":[{"count":3,"href":"https:\/\/ghl-ibiza.com\/es\/wp-json\/wp\/v2\/pages\/277\/revisions"}],"predecessor-version":[{"id":65642,"href":"https:\/\/ghl-ibiza.com\/es\/wp-json\/wp\/v2\/pages\/277\/revisions\/65642"}],"wp:featuredmedia":[{"embeddable":true,"href":"https:\/\/ghl-ibiza.com\/es\/wp-json\/wp\/v2\/media\/54070"}],"wp:attachment":[{"href":"https:\/\/ghl-ibiza.com\/es\/wp-json\/wp\/v2\/media?parent=277"}],"curies":[{"name":"wp","href":"https:\/\/api.w.org\/{rel}","templated":true}]}}