{"id":274,"date":"2013-02-24T20:45:37","date_gmt":"2013-02-24T19:45:37","guid":{"rendered":"http:\/\/localhost:8888\/GHL\/?page_id=274"},"modified":"2024-11-07T19:15:13","modified_gmt":"2024-11-07T18:15:13","slug":"profil","status":"publish","type":"page","link":"https:\/\/ghl-ibiza.com\/es\/ibiza-agencia-inmobiliari\/","title":{"rendered":"Perfil"},"content":{"rendered":"<p><\/p>\n<p style=\"text-align: justify;\">Gould Heinz &amp; Lang property consultants Ibiza es un una agencia inmobiliaria dirigida por socios que trabajan para una selectiva y limitada cantidad de clientes provenientes de varios pa\u00edses. Nuestra intenci\u00f3n es de que cada cliente nuevo sea servido exclusivamente por uno de los socios y que, de esta manera y gracias a nuestra extensiva experiencia en el sector inmobiliario aqu\u00ed en Ibiza, podamos garantizar un nivel de servicio excepcional.<\/p>\n<p style=\"text-align: justify;\">GHL se especializa en ventas y alquileres de propiedades de lujo, finca-haciendas, exclusivos proyectos de construcci\u00f3n, parcelas premium, y propiedades fuera del mercado. Tambi\u00e9n podemos ofrecer oportunidades de negocio como hoteles, tanto r\u00fasticos como en primera l\u00ednea, ya operativos o listos para reformar, parcelas para uso tur\u00edstico y propiedades para uso como hoteles rurales o <em>bed and breakfast<\/em>. Adicionalmente, ofrecemos propiedades en la pen\u00ednsula, para inversionistas y fondos de inversi\u00f3n inmobiliarios, que se han vuelto nuevamente sumamente interesantes. Gracias a nuestros excelentes contactos y extensiva red profesional, somos capaces de ayudarle a adquirir los tipos de propiedades adecuados para nuestros clientes.<\/p>\n<p style=\"text-align: justify;\">Nuestro objetivo es el servicio especializado y hecho a medida para cada cliente, con el fin de realizar su sue\u00f1o, una propiedad en Ibiza. Le guiaremos en el proceso de compra desde la primera definici\u00f3n de sus necesidades y demandas, hasta la cita en el notario, y tambi\u00e9n le ofreceremos diversos servicios de postventa. S\u00f3lo ofrecemos a nuestros clientes las propiedades que hayan sido legalmente comprobadas anteriormente a la primera visita a la propiedad. Esto ayuda a nuestros clientes a ahorrar tiempo y evitar frustraciones, adem\u00e1s de ser importante tambi\u00e9n para el vendedor de la propiedad. El precio de venta correcto, un completo y ajustado conjunto de documentos y la estrategia de marketing apropiada son indispensables para una venta exitosa. La independencia es nuestra fortaleza. GHL no est\u00e1 asociada a ninguna red o instituci\u00f3n, ni es una filial de otra agencia inmobiliaria o instituci\u00f3n financiera. Eso garantiza que nuestro servicio no pueda verse comprometido por cualquier otro inter\u00e9s.<\/p>\n<p><\/p>","protected":false},"excerpt":{"rendered":"<p>Gould Heinz &amp; Lang property consultants Ibiza es un una agencia inmobiliaria dirigida por socios que trabajan para una selectiva &hellip;<\/p>\n","protected":false},"author":1001005,"featured_media":54061,"parent":0,"menu_order":11,"comment_status":"open","ping_status":"open","template":"pages\/template-blocks.php","meta":{"_acf_changed":false,"footnotes":""},"class_list":["post-274","page","type-page","status-publish","has-post-thumbnail","hentry"],"acf":[],"_links":{"self":[{"href":"https:\/\/ghl-ibiza.com\/es\/wp-json\/wp\/v2\/pages\/274","targetHints":{"allow":["GET"]}}],"collection":[{"href":"https:\/\/ghl-ibiza.com\/es\/wp-json\/wp\/v2\/pages"}],"about":[{"href":"https:\/\/ghl-ibiza.com\/es\/wp-json\/wp\/v2\/types\/page"}],"author":[{"embeddable":true,"href":"https:\/\/ghl-ibiza.com\/es\/wp-json\/wp\/v2\/users\/1001005"}],"replies":[{"embeddable":true,"href":"https:\/\/ghl-ibiza.com\/es\/wp-json\/wp\/v2\/comments?post=274"}],"version-history":[{"count":5,"href":"https:\/\/ghl-ibiza.com\/es\/wp-json\/wp\/v2\/pages\/274\/revisions"}],"predecessor-version":[{"id":71094,"href":"https:\/\/ghl-ibiza.com\/es\/wp-json\/wp\/v2\/pages\/274\/revisions\/71094"}],"wp:featuredmedia":[{"embeddable":true,"href":"https:\/\/ghl-ibiza.com\/es\/wp-json\/wp\/v2\/media\/54061"}],"wp:attachment":[{"href":"https:\/\/ghl-ibiza.com\/es\/wp-json\/wp\/v2\/media?parent=274"}],"curies":[{"name":"wp","href":"https:\/\/api.w.org\/{rel}","templated":true}]}}