{"id":21899,"date":"2018-04-19T16:01:03","date_gmt":"2018-04-19T14:01:03","guid":{"rendered":"https:\/\/ghl-ibiza.com\/?page_id=21899"},"modified":"2023-09-14T11:41:01","modified_gmt":"2023-09-14T09:41:01","slug":"cookie-policy","status":"publish","type":"page","link":"https:\/\/ghl-ibiza.com\/es\/politica-de-cookies\/","title":{"rendered":"Pol\u00edtica de cookies"},"content":{"rendered":"<p><strong>1. Introducci\u00f3n<\/strong><\/p>\n<p>1.1 Nuestro sitio web utiliza cookies.<\/p>\n<p>1.2 Al utilizar nuestro sitio web y aceptar esta pol\u00edtica, usted acepta que utilicemos las cookies de acuerdo con los t\u00e9rminos de esta pol\u00edtica.<\/p>\n<p><strong>2. Cr\u00e9dito<\/strong><\/p>\n<p>2.1 Este documento fue creado utilizando una plantilla de <a href=\"https:\/\/seqlegal.com\">SEQ Legal<\/a>.<\/p>\n<p><strong>3. Acerca de las cookies<\/strong><\/p>\n<p>3.1 Una cookie es un archivo que contiene un identificador (una cadena de letras y n\u00fameros) que es enviado por un servidor web a un navegador web y es almacenado por el navegador. El identificador se devuelve al servidor cada vez que el navegador solicita una p\u00e1gina del servidor.<\/p>\n<p>3.2 Las cookies pueden ser \u00abpersistentes\u00bb o \u00abde sesi\u00f3n\u00bb: una cookie persistente ser\u00e1 almacenada por un navegador web y seguir\u00e1 siendo v\u00e1lida hasta su fecha de caducidad establecida, a menos que sea eliminada por el usuario antes de la fecha de caducidad; una cookie de sesi\u00f3n, por el contrario, expirar\u00e1 al final de la sesi\u00f3n del usuario, cuando se cierre el navegador web.<\/p>\n<p>3.3 Las cookies no suelen contener ninguna informaci\u00f3n que identifique personalmente a un usuario, pero la informaci\u00f3n personal que almacenamos sobre usted puede estar vinculada a la informaci\u00f3n almacenada y obtenida de las cookies.<\/p>\n<p>3.4 Los servidores web pueden utilizar las cookies para identificar y rastrear a los usuarios mientras navegan por diferentes p\u00e1ginas de un sitio web e identificar a los usuarios que vuelven a un sitio web.<\/p>\n<p><strong>4. Nuestras cookies<\/strong><\/p>\n<p>4.1 En nuestro sitio web utilizamos tanto cookies de sesi\u00f3n como persistentes.<\/p>\n<p>4.2 A continuaci\u00f3n se indican los nombres de las cookies que utilizamos en nuestro sitio web y los fines para los que se utilizan:<\/p>\n<ul>\n<li>utilizamos Google Analytics para reconocer un ordenador cuando un usuario visita nuestro sitio web, rastrear a los usuarios mientras navegan por el sitio web, mejorar la facilidad de uso del sitio web, administrar el sitio web, personalizar el sitio web para cada usuario, orientar los anuncios que pueden ser de especial inter\u00e9s para usuarios espec\u00edficos, validar las sesiones de los usuarios autenticados o facilitar el uso del motor de b\u00fasqueda de nuestro sitio web.<\/li>\n<\/ul>\n<p><strong>5. Cookies de an\u00e1lisis<\/strong><\/p>\n<p>5.1 Utilizamos Google Analytics para analizar el uso de nuestro sitio web.<\/p>\n<p>5.2 Nuestro proveedor de servicios de an\u00e1lisis genera informaci\u00f3n estad\u00edstica y de otro tipo sobre el uso del sitio web por medio de cookies.<\/p>\n<p>5.4 La informaci\u00f3n generada relativa a nuestro sitio web se utiliza para crear informes sobre el uso de nuestro sitio web.<\/p>\n<p>5.5 La pol\u00edtica de privacidad de nuestro proveedor de servicios de an\u00e1lisis est\u00e1 disponible en: <a href=\"https:\/\/www.google.com\/policies\/privacy\/\">https:\/\/www.google.com\/policies\/privacy\/<\/a>.<\/p>\n<p>5.6 Puede excluirse de este servicio haciendo clic AQU\u00cd<\/p>\n<p><strong>6. Cookies de terceros<\/strong><\/p>\n<p>6.1 Nuestro sitio web tambi\u00e9n utiliza cookies de terceros.<\/p>\n<p>6.2 Este sitio utiliza el sistema de an\u00e1lisis de Lucky Orange para ayudar a mejorar la usabilidad y la experiencia del cliente.<\/p>\n<ul>\n<li>Lucky Orange puede registrar los clics del rat\u00f3n, los movimientos del rat\u00f3n y la actividad de desplazamiento. Lucky Orange puede registrar la informaci\u00f3n de las pulsaciones de teclas que usted introduzca voluntariamente en este sitio web. Lucky Orange no rastrea esta actividad en ning\u00fan sitio que no utilice el sistema de Lucky Orange. Usted puede optar por desactivar el servicio de Lucky Orange aqu\u00ed. Tenga en cuenta que al hacerlo, se desactivar\u00e1n otras caracter\u00edsticas del sistema Lucky Orange que este sitio emplea, como el chat de soporte 1 a 1.<\/li>\n<\/ul>\n<p><strong>7. Bloqueo de cookies<\/strong><\/p>\n<p>7.1 La mayor\u00eda de los navegadores le permiten rechazar las cookies; por ejemplo<\/p>\n<ul>\n<li>en Firefox (versi\u00f3n 51) puede bloquear todas las cookies haciendo clic en \u00abHerramientas\u00bb, \u00abOpciones\u00bb, \u00abPrivacidad\u00bb, seleccionando \u00abUsar configuraci\u00f3n personalizada para el historial\u00bb en el men\u00fa desplegable, y desmarcando \u00abAceptar cookies de sitios\u00bb; y<\/li>\n<li>en Chrome (versi\u00f3n 55), puede bloquear todas las cookies accediendo al men\u00fa \u00abPersonalizar y controlar\u00bb, y haciendo clic en \u00abConfiguraci\u00f3n\u00bb, \u00abMostrar configuraci\u00f3n avanzada\u00bb y \u00abConfiguraci\u00f3n de contenido\u00bb, y luego seleccionando \u00abBloquear sitios para que no establezcan ning\u00fan dato\u00bb en el apartado \u00abCookies\u00bb.<\/li>\n<li>en Safari (versiones 8.0-10.0) puede bloquear todas las cookies haciendo clic en \u00abPreferencias\u00bb, \u00abPrivacidad \u00bb y elegir la opci\u00f3n \u00abCookies y datos de sitios web\u00bb: \u00abBloquear siempre\u00bb, \u00abPermitir s\u00f3lo desde el sitio web actual\u00bb, \u00abPermitir desde los sitios web que visito\u00bb y \u00abPermitir siempre\u00bb.<\/li>\n<\/ul>\n<p>7.2 Bloquear todas las cookies tendr\u00e1 un impacto negativo en la usabilidad de muchos sitios web.<\/p>\n<p>7.3 Si bloquea las cookies, no podr\u00e1 utilizar todas las funciones de nuestro sitio web.<\/p>\n<p><strong>8. Eliminaci\u00f3n de las cookies<\/strong><\/p>\n<p>8.1 Puede eliminar las cookies ya almacenadas en su ordenador; por ejemplo<\/p>\n<ul>\n<li>en Firefox (versi\u00f3n 51), puede eliminar las cookies haciendo clic en \u00abHerramientas\u00bb, \u00abOpciones\u00bb y \u00abPrivacidad\u00bb, luego seleccionando \u00abUsar configuraci\u00f3n personalizada para el historial\u00bb en el men\u00fa desplegable, haciendo clic en \u00abMostrar cookies\u00bb, y luego haciendo clic en \u00abEliminar todas las cookies\u00bb; y<\/li>\n<li>en Chrome (versi\u00f3n 55), puede eliminar todas las cookies accediendo al men\u00fa \u00abPersonalizar y controlar\u00bb, y haciendo clic en \u00abConfiguraci\u00f3n\u00bb, \u00abMostrar configuraci\u00f3n avanzada\u00bb y \u00abBorrar datos de navegaci\u00f3n\u00bb, y luego seleccionando \u00abCookies y otros datos de sitios y complementos\u00bb antes de hacer clic en \u00abBorrar datos de navegaci\u00f3n<\/li>\n<li>En Safari (versiones 8.0-10.0) puedes eliminar todas las cookies haciendo clic en \u00abPreferencias\u00bb, seleccionando \u00abPrivacidad\u00bb y haciendo clic en \u00abEliminar todos los datos del sitio web\u00bb. Haga clic en \u00abEliminar ahora\u00bb en la ventana emergente que aparece.<\/li>\n<\/ul>\n<p>8.2 La eliminaci\u00f3n de las cookies tendr\u00e1 un impacto negativo en la usabilidad de muchos sitios web.<\/p>\n<p><strong>9. Nuestros datos<\/strong><\/p>\n<p>9.1 Este sitio web es propiedad y est\u00e1 operado por GOULD HEINZ &amp; LANG property consultants ibiza.<\/p>\n<p>9.2 Estamos registrados en Ibiza, Espa\u00f1a bajo el n\u00famero de registro\/CIF: B57731531 y nuestro domicilio social est\u00e1 en Paseo S&#8217;Alamera 15, Santa Eulalia del R\u00edo, ES-07840 Islas Baleares, Espa\u00f1a.<\/p>\n<p>9.3 Nuestra sede social est\u00e1 en Paseo S&#8217;Alamera 15, 07840 Santa Eulalia, Ibiza, Espa\u00f1a.<\/p>\n<p>9.4 Puede ponerse en contacto con nosotros<\/p>\n<ul>\n<li>por correo, a la direcci\u00f3n postal indicada anteriormente<\/li>\n<li>utilizando el formulario de contacto de nuestra p\u00e1gina web;<\/li>\n<li>por tel\u00e9fono, en el n\u00famero de contacto +34 971 339 305 publicado en nuestro sitio web de vez en cuando; o<\/li>\n<li>por correo electr\u00f3nico, utilizando la direcci\u00f3n de correo electr\u00f3nico office@ghl-ibiza.com publicada en nuestro sitio web de vez en cuando.<\/li>\n<\/ul>\n<p><\/p>","protected":false},"excerpt":{"rendered":"<p>1. Introducci\u00f3n 1.1 Nuestro sitio web utiliza cookies. 1.2 Al utilizar nuestro sitio web y aceptar esta pol\u00edtica, usted acepta &hellip;<\/p>\n","protected":false},"author":1001005,"featured_media":20188,"parent":0,"menu_order":21,"comment_status":"closed","ping_status":"closed","template":"","meta":{"_acf_changed":false,"footnotes":""},"class_list":["post-21899","page","type-page","status-publish","has-post-thumbnail","hentry"],"acf":[],"_links":{"self":[{"href":"https:\/\/ghl-ibiza.com\/es\/wp-json\/wp\/v2\/pages\/21899","targetHints":{"allow":["GET"]}}],"collection":[{"href":"https:\/\/ghl-ibiza.com\/es\/wp-json\/wp\/v2\/pages"}],"about":[{"href":"https:\/\/ghl-ibiza.com\/es\/wp-json\/wp\/v2\/types\/page"}],"author":[{"embeddable":true,"href":"https:\/\/ghl-ibiza.com\/es\/wp-json\/wp\/v2\/users\/1001005"}],"replies":[{"embeddable":true,"href":"https:\/\/ghl-ibiza.com\/es\/wp-json\/wp\/v2\/comments?post=21899"}],"version-history":[{"count":2,"href":"https:\/\/ghl-ibiza.com\/es\/wp-json\/wp\/v2\/pages\/21899\/revisions"}],"predecessor-version":[{"id":65564,"href":"https:\/\/ghl-ibiza.com\/es\/wp-json\/wp\/v2\/pages\/21899\/revisions\/65564"}],"wp:featuredmedia":[{"embeddable":true,"href":"https:\/\/ghl-ibiza.com\/es\/wp-json\/wp\/v2\/media\/20188"}],"wp:attachment":[{"href":"https:\/\/ghl-ibiza.com\/es\/wp-json\/wp\/v2\/media?parent=21899"}],"curies":[{"name":"wp","href":"https:\/\/api.w.org\/{rel}","templated":true}]}}