{"id":19911,"date":"2018-01-01T22:30:07","date_gmt":"2018-01-01T21:30:07","guid":{"rendered":"https:\/\/ghl-ibiza.com\/?page_id=19911"},"modified":"2021-12-20T18:13:27","modified_gmt":"2021-12-20T17:13:27","slug":"terms-conditions","status":"publish","type":"page","link":"https:\/\/ghl-ibiza.com\/es\/condiciones-generales\/","title":{"rendered":"Condiciones Generales"},"content":{"rendered":"<p>A menos que se indique expresamente por escrito, los t\u00e9rminos y condiciones aqu\u00ed impresos se aplicar\u00e1n a todos los contratos realizados por la empresa. Se considera que el cliente, al realizar el pago del dep\u00f3sito, confirma el contrato y acepta las presentes condiciones.<\/p>\n<h3>Reservas<\/h3>\n<p>Antes de realizar una reserva, debe ponerse en contacto con nosotros para obtener la confirmaci\u00f3n de que la propiedad elegida est\u00e1 disponible para las fechas requeridas. Para reservar cualquier villa o apartamento debe enviarnos un dep\u00f3sito del 50% del coste del alquiler, a menos que se haya acordado un porcentaje menor. Esto puede ser pagado por transferencia bancaria o a trav\u00e9s del pago en l\u00ednea.<\/p>\n<p>No se aceptan reservas de personas menores de 18 a\u00f1os. Nos reservamos el derecho de rechazar una reserva sin necesidad de dar ninguna raz\u00f3n.<\/p>\n<h3>Dinero del alquiler<\/h3>\n<p>El pago del saldo del alquiler es normalmente 6 semanas antes de su fecha de llegada. Si reserva sus vacaciones con menos de 30 d\u00edas de antelaci\u00f3n a la fecha de llegada, deber\u00e1 abonar el importe total de las vacaciones en el momento de la reserva.<br \/>\nAlgunas propiedades pueden tener acuerdos diferentes para el pago del saldo, que se explicar\u00e1n en el momento de la reserva.<\/p>\n<p>La recepci\u00f3n y el ingreso en el banco de cualquier dep\u00f3sito no constituyen la aceptaci\u00f3n de ninguna reserva: existe un contrato vinculante cuando emitimos una factura de confirmaci\u00f3n.<\/p>\n<p>Los precios indicados son en euros y el per\u00edodo de alquiler es semanal.<\/p>\n<h3>Dep\u00f3sito de seguridad<\/h3>\n<p>Se puede requerir un dep\u00f3sito de inventario y de rotura, (normalmente 1.000-5.000 euros) para protegerse de posibles da\u00f1os a la propiedad o del incumplimiento de estas condiciones de alquiler; normalmente ser\u00e1 retenido por GHL Ibiza en nombre de ambas partes.\u00a0 Las propiedades se alquilan completamente amuebladas y equipadas. El precio de la mayor\u00eda de las propiedades incluye gas, electricidad, agua y ropa de cama. Los inquilinos asumen la responsabilidad conjunta de cualquier tipo de da\u00f1o a la propiedad del propietario, causado por ellos mismos o por cualquier otro ocupante.<\/p>\n<h3>Cancelaciones<\/h3>\n<p>En el improbable caso de que sea necesario modificar o cancelar el alojamiento de vacaciones especificado, le informaremos lo antes posible y, si lo solicita, trataremos de organizar un alojamiento de vacaciones alternativo de tipo y nivel similares y en una ubicaci\u00f3n parecida a la solicitada originalmente. Si el alojamiento alternativo no es aceptable, le devolveremos la totalidad del dinero pagado y no tendremos ninguna otra responsabilidad.<\/p>\n<p>Si se produce una cancelaci\u00f3n en nombre del cliente, s\u00f3lo se reembolsar\u00e1 si se puede realizar una reserva alternativa para dichas fechas. Si no podemos volver a reservar la propiedad con \u00e9xito, se retendr\u00e1 el dep\u00f3sito.<\/p>\n<p>Nos esforzaremos por volver a reservar la villa para usted.<\/p>\n<h3>Registro de entrada y salida<\/h3>\n<p>A menos que se especifique lo contrario, la propiedad deber\u00e1 estar lista para ser ocupada antes de las 16:00 horas del primer d\u00eda del periodo de alquiler y deber\u00e1 ser desalojada antes de las 10:00 horas del \u00faltimo d\u00eda del periodo de alquiler.<\/p>\n<h3>N\u00famero de hu\u00e9spedes \/ Ruido<\/h3>\n<p>Est\u00e1 prohibido tener subinquilinos o ceder total o parcialmente la propiedad a terceros. El n\u00famero de personas que se alojen en la casa no debe superar el n\u00famero de plazas para dormir.\u00a0 Est\u00e1n estrictamente prohibidas las reuniones o eventos para m\u00e1s hu\u00e9spedes que la capacidad de la propiedad, a menos que se acuerde lo contrario por escrito. El permiso se conceder\u00e1 a discreci\u00f3n de los propietarios. El inquilino se compromete a no tener la m\u00fasica alta o el ruido que puede causar una perturbaci\u00f3n de la paz a los vecinos circundantes y por la ley espa\u00f1ola no hay m\u00fasica en el exterior despu\u00e9s de las 12:00 pm (medianoche) y los sonidos no deben ser m\u00e1s de 45 decibelios despu\u00e9s de 10pm. El inquilino no podr\u00e1 introducir en la vivienda equipos de m\u00fasica o altavoces distintos a los suministrados con la casa. En caso de que el propietario advierta que se ha ignorado alguna de las prohibiciones, esto puede dar lugar a la finalizaci\u00f3n inmediata del contrato de alquiler con la p\u00e9rdida del coste total de la reserva y del dep\u00f3sito de seguridad\/da\u00f1os sin posibilidad de reembolso. Los inquilinos deben desocupar la casa y devolver las llaves en el momento indicado por el propietario.<\/p>\n<p>Se requiere una copia de la p\u00e1gina de la foto del pasaporte.<\/p>\n<h3>Condiciones generales<\/h3>\n<p>El Propietario o su representante podr\u00e1n acceder al alojamiento de vacaciones en cualquier momento razonable durante la ocupaci\u00f3n de las vacaciones para fines de inspecci\u00f3n y mantenimiento.<\/p>\n<p>El cliente garantiza que proporcionar\u00e1 su propio seguro de vacaciones.<\/p>\n<p>Responsabilidad ante terceros. Ni el propietario ni el representante ser\u00e1n responsables de la p\u00e9rdida o el da\u00f1o de los objetos personales o de las lesiones personales.<\/p>\n<p>La empresa no se hace responsable de los problemas de electricidad y agua en todas las propiedades, todas las compensaciones son responsabilidad del propietario, GHL Ibiza le ayudar\u00e1 a reclamar si se presenta la ocasi\u00f3n. Por favor, tenga en cuenta que en Ibiza hay muchos cortes de luz y problemas de agua, esto est\u00e1 fuera del control de nadie y nadie puede ser responsable y no se pagar\u00e1 ninguna compensaci\u00f3n si no es culpa del propietario.<\/p>\n<p>No se pueden introducir mascotas en la propiedad sin el consentimiento previo por escrito del propietario.<\/p>\n<p>Todas las casas y apartamentos <strong>DEBEN<\/strong> ser devueltos en un estado similar al que los recibi\u00f3, si deja bolsas de basura y la casa o apartamento queda desordenado se le cobrar\u00e1n gastos de limpieza adicionales.<\/p>\n<p>GHL Ibiza tiene como objetivo asegurar que la informaci\u00f3n proporcionada por los propietarios sea anunciada con exactitud por nosotros. Sin embargo, pueden producirse peque\u00f1as diferencias entre la propiedad real y su descripci\u00f3n. No nos hacemos responsables de cualquier diferencia de opini\u00f3n en cuanto a la condici\u00f3n o la calidad de la propiedad.<\/p>\n<p>GHL Ibiza act\u00faa como agente de alquiler de los propietarios, a menos que se especifique lo contrario, y no se hace responsable de los problemas que puedan surgir durante su estancia en la propiedad. Sin embargo, nos esforzaremos por ayudar en todo lo posible.<\/p>","protected":false},"excerpt":{"rendered":"<p>A menos que se indique expresamente por escrito, los t\u00e9rminos y condiciones aqu\u00ed impresos se aplicar\u00e1n a todos los contratos &hellip;<\/p>\n","protected":false},"author":1001008,"featured_media":20188,"parent":0,"menu_order":19,"comment_status":"closed","ping_status":"closed","template":"","meta":{"_acf_changed":false,"footnotes":""},"class_list":["post-19911","page","type-page","status-publish","has-post-thumbnail","hentry"],"acf":[],"_links":{"self":[{"href":"https:\/\/ghl-ibiza.com\/es\/wp-json\/wp\/v2\/pages\/19911","targetHints":{"allow":["GET"]}}],"collection":[{"href":"https:\/\/ghl-ibiza.com\/es\/wp-json\/wp\/v2\/pages"}],"about":[{"href":"https:\/\/ghl-ibiza.com\/es\/wp-json\/wp\/v2\/types\/page"}],"author":[{"embeddable":true,"href":"https:\/\/ghl-ibiza.com\/es\/wp-json\/wp\/v2\/users\/1001008"}],"replies":[{"embeddable":true,"href":"https:\/\/ghl-ibiza.com\/es\/wp-json\/wp\/v2\/comments?post=19911"}],"version-history":[{"count":0,"href":"https:\/\/ghl-ibiza.com\/es\/wp-json\/wp\/v2\/pages\/19911\/revisions"}],"wp:featuredmedia":[{"embeddable":true,"href":"https:\/\/ghl-ibiza.com\/es\/wp-json\/wp\/v2\/media\/20188"}],"wp:attachment":[{"href":"https:\/\/ghl-ibiza.com\/es\/wp-json\/wp\/v2\/media?parent=19911"}],"curies":[{"name":"wp","href":"https:\/\/api.w.org\/{rel}","templated":true}]}}