{"id":15957,"date":"2016-05-10T16:47:33","date_gmt":"2016-05-10T14:47:33","guid":{"rendered":"http:\/\/inmediaserver.local\/www.ghl-ibiza.com\/?page_id=15957"},"modified":"2018-01-02T17:52:40","modified_gmt":"2018-01-02T16:52:40","slug":"ibiza-property-o","status":"publish","type":"page","link":"https:\/\/ghl-ibiza.com\/es\/inmobiliaria-ibiza-o\/","title":{"rendered":"Inmobiliaria Ibiza"},"content":{"rendered":"<p>La demanda de inmuebles en la isla de Ibiza y como consequencia la demanda de una inmobiliaria realmente profesional en Ibiza est\u00e1 creciendo desde hace a\u00f1os. En GHL property consultants les ofrecemos una gran selecci\u00f3n de de inmuebles destacados que seguro sean de su inter\u00e9s. En est\u00e1 p\u00e1gina le presentamos solamente una peque\u00f1o portfolio de nuestros productos especiales. Si no encontrase algo adecuado para Ud., rogamos que active nuestro mecanismo de b\u00fasqueda o contacte nos con su lista de deseos y requerimientos.<\/p>","protected":false},"excerpt":{"rendered":"<p>La demanda de inmuebles en la isla de Ibiza y como consequencia la demanda de una inmobiliaria realmente profesional en &hellip;<\/p>\n","protected":false},"author":1001005,"featured_media":6984,"parent":0,"menu_order":43,"comment_status":"closed","ping_status":"closed","template":"","meta":{"_acf_changed":false,"footnotes":""},"class_list":["post-15957","page","type-page","status-publish","has-post-thumbnail","hentry"],"acf":[],"_links":{"self":[{"href":"https:\/\/ghl-ibiza.com\/es\/wp-json\/wp\/v2\/pages\/15957","targetHints":{"allow":["GET"]}}],"collection":[{"href":"https:\/\/ghl-ibiza.com\/es\/wp-json\/wp\/v2\/pages"}],"about":[{"href":"https:\/\/ghl-ibiza.com\/es\/wp-json\/wp\/v2\/types\/page"}],"author":[{"embeddable":true,"href":"https:\/\/ghl-ibiza.com\/es\/wp-json\/wp\/v2\/users\/1001005"}],"replies":[{"embeddable":true,"href":"https:\/\/ghl-ibiza.com\/es\/wp-json\/wp\/v2\/comments?post=15957"}],"version-history":[{"count":0,"href":"https:\/\/ghl-ibiza.com\/es\/wp-json\/wp\/v2\/pages\/15957\/revisions"}],"wp:featuredmedia":[{"embeddable":true,"href":"https:\/\/ghl-ibiza.com\/es\/wp-json\/wp\/v2\/media\/6984"}],"wp:attachment":[{"href":"https:\/\/ghl-ibiza.com\/es\/wp-json\/wp\/v2\/media?parent=15957"}],"curies":[{"name":"wp","href":"https:\/\/api.w.org\/{rel}","templated":true}]}}