{"id":15942,"date":"2016-05-10T16:45:24","date_gmt":"2016-05-10T14:45:24","guid":{"rendered":"http:\/\/inmediaserver.local\/www.ghl-ibiza.com\/?page_id=15942"},"modified":"2023-02-06T12:45:50","modified_gmt":"2023-02-06T11:45:50","slug":"ibiza-properties","status":"publish","type":"page","link":"https:\/\/ghl-ibiza.com\/es\/inmobiliaria-ibiza\/","title":{"rendered":"inmobiliaria Ibiza"},"content":{"rendered":"<p>\u00bfQuiere informarse sobre la venta de propiedades en Ibiza? Para nosotros, GHL property consultants, es muy grato poder ofrecerle aqu\u00ed una cuidada selecci\u00f3n de casas en venta en Ibiza, la cual, estamos seguros, sea de su inter\u00e9s. Conocemos cada casa ofertada personalmente, su historia y sus detalles. De esta forma podemos asegurarle un servicio realmente profesional, para que pueda disfrutar durante a\u00f1os de la casa de sus sue\u00f1os en Ibiza.<\/p>\n<p>&nbsp;<\/p>","protected":false},"excerpt":{"rendered":"<p>\u00bfQuiere informarse sobre la venta de propiedades en Ibiza? Para nosotros, GHL property consultants, es muy grato poder ofrecerle aqu\u00ed &hellip;<\/p>\n","protected":false},"author":1001005,"featured_media":0,"parent":0,"menu_order":9,"comment_status":"closed","ping_status":"closed","template":"pages\/template-properties.php","meta":{"_acf_changed":false,"footnotes":""},"class_list":["post-15942","page","type-page","status-publish","hentry"],"acf":[],"_links":{"self":[{"href":"https:\/\/ghl-ibiza.com\/es\/wp-json\/wp\/v2\/pages\/15942","targetHints":{"allow":["GET"]}}],"collection":[{"href":"https:\/\/ghl-ibiza.com\/es\/wp-json\/wp\/v2\/pages"}],"about":[{"href":"https:\/\/ghl-ibiza.com\/es\/wp-json\/wp\/v2\/types\/page"}],"author":[{"embeddable":true,"href":"https:\/\/ghl-ibiza.com\/es\/wp-json\/wp\/v2\/users\/1001005"}],"replies":[{"embeddable":true,"href":"https:\/\/ghl-ibiza.com\/es\/wp-json\/wp\/v2\/comments?post=15942"}],"version-history":[{"count":6,"href":"https:\/\/ghl-ibiza.com\/es\/wp-json\/wp\/v2\/pages\/15942\/revisions"}],"predecessor-version":[{"id":61009,"href":"https:\/\/ghl-ibiza.com\/es\/wp-json\/wp\/v2\/pages\/15942\/revisions\/61009"}],"wp:attachment":[{"href":"https:\/\/ghl-ibiza.com\/es\/wp-json\/wp\/v2\/media?parent=15942"}],"curies":[{"name":"wp","href":"https:\/\/api.w.org\/{rel}","templated":true}]}}