{"id":129,"date":"2013-02-21T20:12:11","date_gmt":"2013-02-21T19:12:11","guid":{"rendered":"http:\/\/localhost:8888\/GHL\/?page_id=129"},"modified":"2023-09-21T17:22:17","modified_gmt":"2023-09-21T15:22:17","slug":"home","status":"publish","type":"page","link":"https:\/\/ghl-ibiza.com\/es\/","title":{"rendered":"Home"},"content":{"rendered":"<p>Gould Heinz &#038; Lang consultores inmobiliarios son una agencia inmobiliaria de Ibiza a medida con sede en Santa Eul\u00e0ria que ofrece una experiencia verdaderamente personalizada y adaptada para la compra, venta o alquiler de inmuebles de lujo en Ibiza. Juntos, el equipo de GHL tiene una experiencia combinada de m\u00e1s de 30 a\u00f1os, con amplios conocimientos y acceso a algunas de las propiedades m\u00e1s exclusivas disponibles en Ibiza, Espa\u00f1a. Operamos en toda la isla, con especial atenci\u00f3n a los lugares m\u00e1s codiciados, como Santa Gertrudis, Marina Botafoch, Es Cubells, Ibiza ciudad, Dalt Vila, Santa Eulalia, San Juan, San Jos\u00e9, San Lorenzo y Roca Llisa. Y atributos deseables que incluyen vistas al mar, parcelas aisladas o entornos \u00fanicos en la isla. Tambi\u00e9n ofrecemos acceso al mercado comercial, parcelas edificables de primera calidad y cualquier propiedad fuera de mercado.<\/p>\n<p>Con propietarios establecidos en Ibiza, la agencia cuenta con un amplio conocimiento que abarca todos los aspectos de la compra, venta o alquiler de propiedades inmobiliarias en la isla. Gracias a una amplia red de contactos en toda Ibiza, podemos guiar a nuestros clientes en cada paso, desde los aspectos legales de cada compra hasta despu\u00e9s de que se haya completado la venta. Somos meticulosos cuando se trata de listados de propiedades y tenemos mucho cuidado en la elecci\u00f3n de las villas, apartamentos de lujo, fincas y casas de vacaciones adecuadas para nuestros clientes.<br \/>\nNuestra diferencia radica en un profundo conocimiento de Ibiza como lugar. S\u00ed, es un mercado inmobiliario de lujo, pero tambi\u00e9n es una isla espiritual. Hoy en d\u00eda, la gente busca algo m\u00e1s que fiestas en barco y buena comida; vienen en busca de paz, tranquilidad y revitalizaci\u00f3n. Nuestro departamento de conserjer\u00eda es capaz de poner a los clientes en contacto con las personas que pueden facilitar esas experiencias, y de establecer colaboraciones con servicios adecuados de alquiler de villas o fincas de lujo.<\/p>","protected":false},"excerpt":{"rendered":"<p>Gould Heinz &#038; Lang consultores inmobiliarios son una agencia inmobiliaria de Ibiza a medida con sede en Santa Eul\u00e0ria que &hellip;<\/p>\n","protected":false},"author":1001005,"featured_media":54051,"parent":0,"menu_order":1,"comment_status":"open","ping_status":"closed","template":"pages\/template-home.php","meta":{"_acf_changed":false,"footnotes":""},"class_list":["post-129","page","type-page","status-publish","has-post-thumbnail","hentry"],"acf":[],"_links":{"self":[{"href":"https:\/\/ghl-ibiza.com\/es\/wp-json\/wp\/v2\/pages\/129","targetHints":{"allow":["GET"]}}],"collection":[{"href":"https:\/\/ghl-ibiza.com\/es\/wp-json\/wp\/v2\/pages"}],"about":[{"href":"https:\/\/ghl-ibiza.com\/es\/wp-json\/wp\/v2\/types\/page"}],"author":[{"embeddable":true,"href":"https:\/\/ghl-ibiza.com\/es\/wp-json\/wp\/v2\/users\/1001005"}],"replies":[{"embeddable":true,"href":"https:\/\/ghl-ibiza.com\/es\/wp-json\/wp\/v2\/comments?post=129"}],"version-history":[{"count":12,"href":"https:\/\/ghl-ibiza.com\/es\/wp-json\/wp\/v2\/pages\/129\/revisions"}],"predecessor-version":[{"id":65636,"href":"https:\/\/ghl-ibiza.com\/es\/wp-json\/wp\/v2\/pages\/129\/revisions\/65636"}],"wp:featuredmedia":[{"embeddable":true,"href":"https:\/\/ghl-ibiza.com\/es\/wp-json\/wp\/v2\/media\/54051"}],"wp:attachment":[{"href":"https:\/\/ghl-ibiza.com\/es\/wp-json\/wp\/v2\/media?parent=129"}],"curies":[{"name":"wp","href":"https:\/\/api.w.org\/{rel}","templated":true}]}}