{"id":310,"date":"2013-02-25T16:51:39","date_gmt":"2013-02-25T15:51:39","guid":{"rendered":"http:\/\/localhost:8888\/GHL\/?page_id=310"},"modified":"2022-12-20T13:31:02","modified_gmt":"2022-12-20T12:31:02","slug":"ibiza-real-estate-agency-disclaimer","status":"publish","type":"page","link":"https:\/\/ghl-ibiza.com\/de\/ibiza-immobilien-agentur-haftungsausschluss\/","title":{"rendered":"Haftungsausschluss"},"content":{"rendered":"<p>Verantwortlich f\u00fcr diese Website ist: GOULD HEINZ &amp; LANG PROPERTY CONSULTANTS IBIZA SL, ein Unternehmen in das Handelsregister der Provinz Illes Balears registriert, Volume 253, Folio 210, Seite IB-10519 mit CIF B57731531 und eingetragener Sitz in Santa Eulalia del R\u00edo (ILLES BALEARS), Paseo S&#8217;Alamera \/ Calle del Mar, 07840.<\/p>\n<p>Sie k\u00f6nnen uns auch telefonisch kontaktieren Nummer +34 971 339 305 Nein oder \u00fcber die folgende E-Mail: office@ghl-ibiza.com<\/p>\n<p><strong>Geistiges und gewerbliches Eigentum<\/strong><\/p>\n<p>Das Design dieser Website und deren Quellcodes sowie Logos, Marken und andere Kennzeichen, die in ihm erscheinen geh\u00f6ren zu GOULD HEINZ &amp; LANG PROPERTY CONSULTANT IBIZA SL und werden durch das entsprechende geistige und gewerbliches Eigentum gesch\u00fctzt.<\/p>\n<p><strong>Verantwortlich f\u00fcr den Inhalt<\/strong><\/p>\n<p>GOULD HEINZ &amp; LANG PROPERTY CONSULTANTS IBIZA SL ist nicht verantwortlich f\u00fcr die Rechtm\u00e4\u00dfigkeit von Websites Dritter, von denen aus auf diese Website zugegriffen werden kann. IBIZA SL ist nicht verantwortlich f\u00fcr die Rechtm\u00e4\u00dfigkeit von Websites Dritter, auf die von dieser Website aus verwiesen wird.<\/p>\n<p>HEINZ GOULD &amp; LANG PROPERTY CONSULTANTS IBIZA SL beh\u00e4lt sich das Recht vor, \u00c4nderungen an der Website ohne vorherige Ank\u00fcndigung zu machen, um Ihre Daten zu halten, indem sie hinzuf\u00fcgen, \u00e4ndern, zu korrigieren oder den ver\u00f6ffentlichten Inhalte oder die Gestaltung des Portals zu beseitigen. GOULD HEINZ &amp; LANG PROPERTY CONSULTANTS IBIZA SL haftet nicht f\u00fcr den Einsatz verantwortlich, die Dritte der Informationen auf der Website machen kann, noch f\u00fcr Sch\u00e4den oder wirtschaftliche Verluste, die direkt oder indirekt verursachen oder wirtschaftlichen Sch\u00e4den, Material dazu f\u00fchren k\u00f6nnten, oder \u00fcber Daten, die durch die Verwendung dieser Informationen entstehen.<\/p>\n<p><strong>Vervielf\u00e4ltigung von Inhalten<\/strong><\/p>\n<p>Die vollst\u00e4ndige oder teilweise Reproduktion der auf dieser Website ver\u00f6ffentlichten Inhalte ist ohne vorherige schriftliche Genehmigung von GOULD HEINZ &amp; LANG PROPERTY CONSULTANTS IBIZA SL untersagt.<\/p>\n<p>Alle Informationen zum Datenschutz finden Sie in unserer <a href=\"\/de\/privacy-policy\/\">Datenschutzerkl\u00e4rung<\/a>.<\/p>","protected":false},"excerpt":{"rendered":"<p>Verantwortlich f\u00fcr diese Website ist: GOULD HEINZ &amp; LANG PROPERTY CONSULTANTS IBIZA SL, ein Unternehmen in das Handelsregister der Provinz &hellip;<\/p>\n","protected":false},"author":1001005,"featured_media":20188,"parent":0,"menu_order":18,"comment_status":"open","ping_status":"open","template":"","meta":{"_acf_changed":false,"footnotes":""},"class_list":["post-310","page","type-page","status-publish","has-post-thumbnail","hentry"],"acf":[],"_links":{"self":[{"href":"https:\/\/ghl-ibiza.com\/de\/wp-json\/wp\/v2\/pages\/310","targetHints":{"allow":["GET"]}}],"collection":[{"href":"https:\/\/ghl-ibiza.com\/de\/wp-json\/wp\/v2\/pages"}],"about":[{"href":"https:\/\/ghl-ibiza.com\/de\/wp-json\/wp\/v2\/types\/page"}],"author":[{"embeddable":true,"href":"https:\/\/ghl-ibiza.com\/de\/wp-json\/wp\/v2\/users\/1001005"}],"replies":[{"embeddable":true,"href":"https:\/\/ghl-ibiza.com\/de\/wp-json\/wp\/v2\/comments?post=310"}],"version-history":[{"count":1,"href":"https:\/\/ghl-ibiza.com\/de\/wp-json\/wp\/v2\/pages\/310\/revisions"}],"predecessor-version":[{"id":59795,"href":"https:\/\/ghl-ibiza.com\/de\/wp-json\/wp\/v2\/pages\/310\/revisions\/59795"}],"wp:featuredmedia":[{"embeddable":true,"href":"https:\/\/ghl-ibiza.com\/de\/wp-json\/wp\/v2\/media\/20188"}],"wp:attachment":[{"href":"https:\/\/ghl-ibiza.com\/de\/wp-json\/wp\/v2\/media?parent=310"}],"curies":[{"name":"wp","href":"https:\/\/api.w.org\/{rel}","templated":true}]}}