{"id":30307,"date":"2019-05-08T13:23:23","date_gmt":"2019-05-08T11:23:23","guid":{"rendered":"https:\/\/ghl-ibiza.com\/?page_id=30307"},"modified":"2022-12-20T13:28:58","modified_gmt":"2022-12-20T12:28:58","slug":"privacy-policy","status":"publish","type":"page","link":"https:\/\/ghl-ibiza.com\/de\/datenschutz\/","title":{"rendered":"DATENSCHUTZ"},"content":{"rendered":"<p><span class=\"notranslate\"><strong>DATENSCHUTZ:<\/strong><\/span><\/p>\n<p><span class=\"notranslate\"><strong>VERANTWORTLICH F\u00dcR DIE BEHANDLUNG<\/strong><\/span><\/p>\n<p><span class=\"notranslate\">Der Behandlungsleiter ist GOULD HEINZ &amp; LANG PROPERTY CONSULTANTS IBIZA SL, Paseo S&#8217;Alamera \/ Calle del Mar, 07840, Santa Eulalia del R\u00edo (ILLES BALEARS).<\/span><\/p>\n<p><span class=\"notranslate\"><strong>Grunds\u00e4tze der Privatsph\u00e4re<\/strong><\/span><\/p>\n<p><span class=\"notranslate\">Wir von GOULD HEINZ &amp; LANG PROPERTY CONSULTANTS, IBIZA SL, sind bestrebt, kontinuierlich daran zu arbeiten, die Vertraulichkeit bei der Verarbeitung Ihrer personenbezogenen Daten zu gew\u00e4hrleisten und Ihnen jederzeit die umfassendsten und klarsten Informationen zu bieten, die wir k\u00f6nnen.<\/span>\u00a0<span class=\"notranslate\">Wir empfehlen Ihnen, diesen Abschnitt sorgf\u00e4ltig zu lesen, bevor Sie uns Ihre pers\u00f6nlichen Daten mitteilen.<\/span>\u00a0<span class=\"notranslate\">Wenn Sie j\u00fcnger als 14 Jahre sind, geben Sie uns bitte keine Informationen ohne die Zustimmung Ihrer Eltern.<\/span><\/p>\n<p><span class=\"notranslate\">In diesem Abschnitt informieren wir Sie dar\u00fcber, wie wir mit den Daten der Personen umgehen, die in Beziehung zu unserer Organisation stehen.<\/span><span class=\"notranslate\">Ausgehend von unseren Grunds\u00e4tzen: &#8211; Wir fordern keine pers\u00f6nlichen Daten an, es sei denn, Sie m\u00fcssen die von Ihnen ben\u00f6tigten Dienstleistungen erbringen.<\/span><\/p>\n<p><span class=\"notranslate\">&#8211; Wir geben niemals pers\u00f6nliche Daten an Dritte weiter, es sei denn, wir halten uns an das Gesetz oder haben Ihre ausdr\u00fcckliche Genehmigung.<\/span>\u00a0<span class=\"notranslate\">&#8211; Wir werden Ihre personenbezogenen Daten niemals f\u00fcr andere als die in dieser Datenschutzrichtlinie angegebenen Zwecke verwenden.<\/span>\u00a0<span class=\"notranslate\">&#8211; Ihre Daten werden stets mit einem Datenschutzniveau behandelt, das den Datenschutzbestimmungen entspricht, und wir werden sie keinen automatisierten Entscheidungen unterziehen.<\/span><\/p>\n<p><span class=\"notranslate\">Diese Datenschutzrichtlinie wurde unter Ber\u00fccksichtigung der Anforderungen der geltenden Datenschutzgesetze erstellt: &#8211; Verordnung (EU) 2016\/679 des Europ\u00e4ischen Parlaments und des Rates vom 27. April 2016 zum Schutz nat\u00fcrlicher Personen (RGPD).<\/span>\u00a0<span class=\"notranslate\">&#8211; Organisches Gesetz 3\/2018 vom 5. Dezember \u00fcber den Schutz personenbezogener Daten und die Gew\u00e4hrleistung digitaler Rechte (LOPD).<\/span>\u00a0<span class=\"notranslate\">&#8211; K\u00f6nigliches Dekret 1720\/2007 vom 21. Dezember (RLOPD).<\/span><\/p>\n<p><span class=\"notranslate\">Diese Datenschutzrichtlinie wurde am 6. Dezember 2018 erstellt. Aufgrund der \u00c4nderung der Behandlungskriterien k\u00f6nnen wir diese Datenschutzrichtlinie \u00e4ndern, um das Verst\u00e4ndnis zu erleichtern oder sie an die aktuelle Gesetzgebung anzupassen.<\/span>\u00a0<span class=\"notranslate\">Wir aktualisieren das Datum, damit Sie die G\u00fcltigkeit pr\u00fcfen k\u00f6nnen.<\/span><\/p>\n<div class=\"page\" title=\"Seite 5\">\n<div class=\"section\">\n<div class=\"layoutArea\">\n<div class=\"column\">\n<p><span class=\"notranslate\">Behandlungen, die wir machen<\/span><\/p>\n<p><span class=\"notranslate\"><strong>MITARBEITERBEHANDLUNG<\/strong><\/span><br \/>\n<span class=\"notranslate\">Rechtsgrundlage: RGPD: 6.1.b) Erforderliche Behandlung f\u00fcr die Ausf\u00fchrung eines Vertrags, bei dem der Betroffene Vertragspartei ist, oder f\u00fcr die Beantragung vorvertraglicher Ma\u00dfnahmen durch den Betroffenen.<\/span><br \/>\n<span class=\"notranslate\">RGPD: 6.1.c) Behandlung, die zur Erf\u00fcllung einer f\u00fcr den f\u00fcr die Verarbeitung Verantwortlichen geltenden rechtlichen Verpflichtung erforderlich ist.<\/span><br \/>\n<span class=\"notranslate\">K\u00f6nigliches Gesetzesdekret 2\/2015 vom 23. Oktober zur Genehmigung des \u00fcberarbeiteten Textes des Arbeitnehmerstatutsgesetzes.<\/span><br \/>\n<span class=\"notranslate\">Behandlungszwecke: &#8211; Management von Vertragspersonal.<\/span><br \/>\n<span class=\"notranslate\">&#8211; Pers\u00f6nliche Akte.<\/span>\u00a0<span class=\"notranslate\">Zeitsteuerung.<\/span>\u00a0<span class=\"notranslate\">Schulung<\/span>\u00a0<span class=\"notranslate\">Pensionspl\u00e4ne.<\/span>\u00a0<span class=\"notranslate\">Pr\u00e4vention von Berufsrisiken.<\/span><br \/>\n<span class=\"notranslate\">&#8211; Ausstellung der Gehaltsabrechnung des Personals.<\/span><br \/>\n<span class=\"notranslate\">&#8211; Verwaltung der Gewerkschaftst\u00e4tigkeit.<\/span><br \/>\n<span class=\"notranslate\">Kollektiv: Mitarbeiter<\/span><br \/>\n<span class=\"notranslate\">Datenkategorien: Vor- und Nachname, DNI \/ CIF \/ Ausweis, Personalregistrierungsnummer, Sozialversicherungs- \/ Gegenseitigkeitsnummer, Adresse, Unterschrift und Telefonnummer.<\/span><br \/>\n<span class=\"notranslate\">Spezielle Datenkategorien: Gesundheitsdaten (Krankheitsurlaub, Arbeitsunf\u00e4lle und Invalidit\u00e4tsgrad, ohne Einbeziehung von Diagnosen), Gewerkschaftsmitgliedschaft zum ausschlie\u00dflichen Zweck der Zahlung von Gewerkschaftsbeitr\u00e4gen (falls zutreffend), Gewerkschaftsvertreter (falls zutreffend) ), Nachweis der Mithilfe von eigenen und von Dritten.<\/span><br \/>\n<span class=\"notranslate\">Pers\u00f6nliche Kenndaten: Geschlecht, Familienstand, Nationalit\u00e4t, Alter, Geburtsdatum und -ort sowie Familiendaten.<\/span>\u00a0<span class=\"notranslate\">Daten \u00fcber famili\u00e4re Umst\u00e4nde: Datum der Registrierung und Entlassung, Lizenzen, Genehmigungen und Genehmigungen.<\/span><br \/>\n<span class=\"notranslate\">Akademische und berufliche Daten: Studienabschl\u00fcsse, Ausbildung und Berufserfahrung.<\/span><br \/>\n<span class=\"notranslate\">Angaben zu Besch\u00e4ftigung und administrativer Laufbahn.<\/span><span class=\"notranslate\">Inkompatibilit\u00e4ten.<\/span><br \/>\n<span class=\"notranslate\">Anwesenheitssteuerungsdaten: Datum \/ Uhrzeit der Ein- und Ausfahrt, Grund f\u00fcr die Abwesenheit.<\/span><br \/>\n<span class=\"notranslate\">Wirtschaftlich-finanzielle Daten: Wirtschaftliche Daten zu Gehaltsabrechnungen, Krediten, Darlehen, Vermerken, Steuerabz\u00fcgen, Verm\u00f6gensverlusten in Bezug auf die vorherige Arbeitsstelle (falls zutreffend), gerichtlicher Zur\u00fcckhaltung (falls zutreffend) und sonstigen Einbehaltungen (falls zutreffend).<\/span>\u00a0<span class=\"notranslate\">Bankverbindung<\/span>\u00a0<span class=\"notranslate\">Zielkategorien: &#8211; Unternehmen, das mit dem Management von Berufsrisiken betraut ist.<\/span><br \/>\n<span class=\"notranslate\">&#8211; Allgemeine Schatzkammer der sozialen Sicherheit.<\/span><br \/>\n<span class=\"notranslate\">&#8211; Gewerkschaftsorganisationen.<\/span><br \/>\n<span class=\"notranslate\">&#8211; Finanzunternehmen.<\/span><br \/>\n<span class=\"notranslate\">&#8211; Staatliche Agentur f\u00fcr Steuerverwaltung.<\/span><br \/>\n<span class=\"notranslate\">&#8211; Hauptauftragnehmer, f\u00fcr die wir Dienstleistungen als Subunternehmer erbringen.<\/span><br \/>\n<span class=\"notranslate\">Internationale \u00dcbertragungen: Internationale Daten\u00fcbertragungen sind nicht geplant.<\/span>\u00a0<span class=\"notranslate\">Beendigung der Unterdr\u00fcckung: Sie werden f\u00fcr die Zeit aufbewahrt, die zur Erf\u00fcllung des Zwecks, f\u00fcr den sie erhoben wurden, und zur Bestimmung der m\u00f6glichen Verbindlichkeiten, die sich aus diesem Zweck und der Behandlung der Daten ergeben k\u00f6nnten, erforderlich ist.<\/span><br \/>\n<span class=\"notranslate\">Die wirtschaftlichen Daten dieser Behandlungst\u00e4tigkeit werden gem\u00e4\u00df den Bestimmungen des Gesetzes 58\/2003 vom 17. Dezember, Allgemeine Steuer, aufbewahrt.<\/span><br \/>\n<span class=\"notranslate\">Sicherheitsma\u00dfnahmen: Angepasst an die Anforderungen der Verordnung (EU) 2016\/679, Allgemeine Verordnung zum Datenschutz.<\/span><\/p>\n<p><span class=\"notranslate\"><strong>KONTAKTBEHANDLUNG<\/strong><\/span><br \/>\n<span class=\"notranslate\">Rechtsgrundlage: Zustimmung des Interessenten<\/span><br \/>\n<span class=\"notranslate\">Behandlungsziele: Nehmen Sie an Ihrer Anfrage teil, senden Sie Ihnen Informationen und verfolgen Sie die Anfrage.<\/span><br \/>\n<span class=\"notranslate\">Gruppe: Ansprechpartner, Kunden, Lieferanten<\/span><br \/>\n<span class=\"notranslate\">Datenkategorien: Name, Telefonnummer, E-Mail-Adresse<\/span><br \/>\n<span class=\"notranslate\">Kategorien von Empf\u00e4ngern: Daten\u00fcbertragungen an Dritte sind nicht vorgesehen.<\/span><\/p>\n<\/div>\n<div class=\"page\" title=\"Seite 6\">\n<div class=\"section\">\n<div class=\"layoutArea\">\n<div class=\"column\">\n<p><span class=\"notranslate\">Internationale \u00dcbertragungen: Internationale Daten\u00fcbertragungen sind nicht geplant.<\/span>\u00a0<span class=\"notranslate\">Beendigung der Unterdr\u00fcckung: Die Kontaktdaten werden auf unbestimmte Zeit oder so lange aufbewahrt, bis der Interessent die L\u00f6schung beantragt.<\/span><br \/>\n<span class=\"notranslate\">Sicherheitsma\u00dfnahmen: Angepasst an die Anforderungen der Verordnung (EU) 2016\/679, Allgemeine Verordnung zum Datenschutz.<\/span><\/p>\n<p><span class=\"notranslate\"><strong>BEHANDLUNG VON AUFMERKSAMKEITSRECHTEN DER MENSCHEN (ARC)<\/strong><\/span><br \/>\n<span class=\"notranslate\">Rechtsgrundlage: RGPD: 6.1.c) Behandlung, die zur Erf\u00fcllung einer f\u00fcr den f\u00fcr die Verarbeitung Verantwortlichen geltenden rechtlichen Verpflichtung erforderlich ist.<\/span><br \/>\n<span class=\"notranslate\">Allgemeine Datenschutzbestimmungen.<\/span><br \/>\n<span class=\"notranslate\">Zweck der Behandlung: Teilnahme an den Anfragen bei der Aus\u00fcbung der Rechte, die die Allgemeine Datenschutzverordnung festlegt.<\/span><br \/>\n<span class=\"notranslate\">Kollektiv: Personen, die es w\u00fcnschen (Mitarbeiter, Kunden, Lieferanten, Ansprechpartner)<\/span><br \/>\n<span class=\"notranslate\">Datenkategorien: Vor- und Nachname, Adresse, Unterschrift und Telefonnummer.<\/span><br \/>\n<span class=\"notranslate\">Kategorien von Empf\u00e4ngern: Sie k\u00f6nnen der Kontrollbeh\u00f6rde (Spanische Agentur f\u00fcr Datenschutz) im Rahmen einer vom Betroffenen eingeleiteten Untersuchung zum Schutz der Rechte mitgeteilt werden.<\/span><br \/>\n<span class=\"notranslate\">Internationale \u00dcbertragungen: Internationale Daten\u00fcbertragungen sind nicht geplant.<\/span>\u00a0<span class=\"notranslate\">Beendigung der Unterdr\u00fcckung: Sie werden ab dem Zeitpunkt des Antrags f\u00fcr die Dauer von f\u00fcnf Jahren aufbewahrt.<\/span><br \/>\n<span class=\"notranslate\">Sicherheitsma\u00dfnahmen: Angepasst an die Anforderungen der Verordnung (EU) 2016\/679, Allgemeine Verordnung zum Datenschutz.<\/span><\/p>\n<p><span class=\"notranslate\"><strong>BEHANDLUNG VON AUSWAHLVERFAHREN F\u00dcR KANDIDATEN (RRHH)<\/strong><\/span><br \/>\n<span class=\"notranslate\">Rechtsgrundlage: RGPD: 6.1.b) Erforderliche Behandlung f\u00fcr die Ausf\u00fchrung eines Vertrags, bei dem der Betroffene Vertragspartei ist, oder f\u00fcr die Beantragung vorvertraglicher Ma\u00dfnahmen durch den Betroffenen.<\/span><br \/>\n<span class=\"notranslate\">Behandlungszwecke: Auswahl des Personals und Bereitstellung von Arbeitspl\u00e4tzen.<\/span><br \/>\n<span class=\"notranslate\">Kollektiv: Bewerber, die Verfahren f\u00fcr die Bereitstellung von Arbeitspl\u00e4tzen unterzogen wurden.<\/span>\u00a0<span class=\"notranslate\">Datenkategorien: Vor- und Nachname, DNI \/ CIF \/ Ausweis, Personalregistrierungsnummer, Adresse, Unterschrift und Telefonnummer.<\/span><br \/>\n<span class=\"notranslate\">Spezielle Datenkategorien: Gesundheitsdaten (Behinderungen).<\/span><br \/>\n<span class=\"notranslate\">Pers\u00f6nliche Kenndaten: Geschlecht, Familienstand, Nationalit\u00e4t, Alter, Geburtsdatum und -ort sowie Familiendaten.<\/span><br \/>\n<span class=\"notranslate\">Akademische und berufliche Daten: Studienabschl\u00fcsse, Ausbildung und Berufserfahrung.<\/span><br \/>\n<span class=\"notranslate\">Angaben zur Besch\u00e4ftigung.<\/span><br \/>\n<span class=\"notranslate\">Empf\u00e4ngerkategorien: Eine Weitergabe von Daten an Dritte ist nicht\u00a0<\/span><\/p>\n<p><span class=\"notranslate\">vorgesehen.<\/span><br \/>\n<span class=\"notranslate\">Internationale \u00dcbertragungen: Internationale Daten\u00fcbertragungen sind nicht geplant.<\/span>\u00a0<span class=\"notranslate\">Beendigung der Unterdr\u00fcckung: Sie werden f\u00fcr die Zeit aufbewahrt, die zur Erf\u00fcllung des Zwecks, f\u00fcr den sie erhoben wurden, und zur Bestimmung der m\u00f6glichen Verbindlichkeiten, die sich aus diesem Zweck und der Behandlung der Daten ergeben k\u00f6nnten, erforderlich ist.<\/span><br \/>\n<span class=\"notranslate\">Sicherheitsma\u00dfnahmen: Angepasst an die Anforderungen der Verordnung (EU) 2016\/679, Allgemeine Verordnung zum Datenschutz.<\/span><\/p>\n<p><span class=\"notranslate\"><strong>BEHANDLUNG VON ANBIETERN<\/strong><\/span><br \/>\n<span class=\"notranslate\">Rechtsgrundlage: RGPD: 6.1.b) Erforderliche Behandlung f\u00fcr die Ausf\u00fchrung eines Vertrags, bei dem der Betroffene Vertragspartei ist, oder f\u00fcr die Beantragung vorvertraglicher Ma\u00dfnahmen durch den Betroffenen.<\/span><br \/>\n<span class=\"notranslate\">RGPD: 6.1.c) Behandlung, die zur Erf\u00fcllung einer f\u00fcr den f\u00fcr die Verarbeitung Verantwortlichen geltenden rechtlichen Verpflichtung erforderlich ist.<\/span><br \/>\n<span class=\"notranslate\">K\u00f6nigliches Gesetzesdekret 2\/2015 vom 23. Oktober zur Genehmigung des \u00fcberarbeiteten Textes des Arbeitnehmerstatutsgesetzes.<\/span><br \/>\n<span class=\"notranslate\">Gesetz 58\/2003 vom 17. Dezember, Allgemeine Steuer.<\/span><br \/>\n<span class=\"notranslate\">Behandlungszwecke: &#8211; Erwerb von Produkten und \/ oder Dienstleistungen, die wir f\u00fcr die Entwicklung unserer T\u00e4tigkeit ben\u00f6tigen.<\/span><\/p>\n<div class=\"page\" title=\"Seite 7\">\n<div class=\"section\">\n<div class=\"layoutArea\">\n<div class=\"column\">\n<p><span class=\"notranslate\">&#8211; Kontrolle von Unterauftragnehmern, falls zutreffend.<\/span><br \/>\n<span class=\"notranslate\">Kollektiv: &#8211; Lieferanten.<\/span><br \/>\n<span class=\"notranslate\">&#8211; Arbeiter unserer Lieferanten.<\/span><br \/>\n<span class=\"notranslate\">Datenkategorien: &#8211; Vor- und Nachname, DNI \/ NIF \/ Identifizierungsdokument, Adresse, Unterschrift und Telefonnummer.<\/span><br \/>\n<span class=\"notranslate\">&#8211; Angaben zur Besch\u00e4ftigung: Arbeitsstelle.<\/span>\u00a0<span class=\"notranslate\">Schulung in Arbeitssicherheit.<\/span><br \/>\n<span class=\"notranslate\">&#8211; Wirtschafts- und Versicherungsdaten: Bankverbindung<\/span><br \/>\n<span class=\"notranslate\">Kategorien von Empf\u00e4ngern: &#8211; Finanzunternehmen.<\/span>\u00a0<span class=\"notranslate\">(Zahlung von Rechnungen)<\/span><br \/>\n<span class=\"notranslate\">&#8211; Staatliche Agentur f\u00fcr Steuerverwaltung.<\/span><br \/>\n<span class=\"notranslate\">Internationale \u00dcbertragungen: Internationale Daten\u00fcbertragungen sind nicht geplant.<\/span>\u00a0<span class=\"notranslate\">Beendigung der Unterdr\u00fcckung: Sie werden f\u00fcr die Zeit aufbewahrt, die erforderlich ist, um den Zweck zu erf\u00fcllen, f\u00fcr den sie erhoben wurden, und um die m\u00f6glichen Verbindlichkeiten, die sich aus diesem Zweck ergeben k\u00f6nnten, und die Behandlung der Daten gem\u00e4\u00df Gesetz 58\/2003 vom 17 Allgemeine Steuer,<\/span><br \/>\n<span class=\"notranslate\">Sicherheitsma\u00dfnahmen: Angepasst an die Anforderungen der Verordnung (EU) 2016\/679, Allgemeine Verordnung zum Datenschutz.<\/span><\/p>\n<p><span class=\"notranslate\"><strong>BEHANDLUNG DER KUNDEN.<\/strong><\/span><br \/>\n<span class=\"notranslate\">Rechtsgrundlage: RGPD: 6.1.a) Der Interessent hat seine Einwilligung zur Verarbeitung seiner personenbezogenen Daten zu einem oder mehreren bestimmten Zwecken erteilt.<\/span><br \/>\n<span class=\"notranslate\">RGPD: 6.1.b) Erforderliche Behandlung f\u00fcr die Ausf\u00fchrung eines Vertrags, bei dem der Betroffene Vertragspartei ist, oder f\u00fcr die Beantragung vorvertraglicher Ma\u00dfnahmen durch den Betroffenen.<\/span><br \/>\n<span class=\"notranslate\">RGPD: 6.1.c) Behandlung, die zur Erf\u00fcllung einer f\u00fcr den f\u00fcr die Verarbeitung Verantwortlichen geltenden rechtlichen Verpflichtung erforderlich ist.<\/span><br \/>\n<span class=\"notranslate\">K\u00f6nigliches Gesetzesdekret 2\/2015 vom 23. Oktober zur Genehmigung des \u00fcberarbeiteten Textes des Arbeitnehmerstatutsgesetzes.<\/span><br \/>\n<span class=\"notranslate\">Gesetz 58\/2003 vom 17. Dezember, Allgemeine Steuer.<\/span><br \/>\n<span class=\"notranslate\">Zweck der Behandlung: Vermittlung, Beratung und Verwaltung von Transaktionen wie Kauf, Vermietung, Tausch oder \u00dcbertragung von Immobilien<\/span><br \/>\n<span class=\"notranslate\">Kollektiv: Kunden<\/span><br \/>\n<span class=\"notranslate\">Datenkategorien: &#8211; Vor- und Nachname, DNI \/ NIF \/ Identifizierungsdokument, Adresse, Unterschrift und Telefonnummer.<\/span><br \/>\n<span class=\"notranslate\">&#8211; Wirtschafts- und Versicherungsdaten: Bankverbindung<\/span><br \/>\n<span class=\"notranslate\">Kategorien von Empf\u00e4ngern: &#8211; Finanzunternehmen.<\/span><br \/>\n<span class=\"notranslate\">&#8211; Staatliche Agentur f\u00fcr Steuerverwaltung.<\/span><br \/>\n<span class=\"notranslate\">Internationale \u00dcbertragungen: Internationale Daten\u00fcbertragungen sind nicht geplant.<\/span>\u00a0<span class=\"notranslate\">Beendigung der Unterdr\u00fcckung: Sie werden f\u00fcr die Zeit aufbewahrt, die erforderlich ist, um den Zweck zu erf\u00fcllen, f\u00fcr den sie erhoben wurden, und um die m\u00f6glichen Verbindlichkeiten, die sich aus diesem Zweck ergeben k\u00f6nnten, und die Behandlung der Daten gem\u00e4\u00df Gesetz 58\/2003 vom 17 Allgemeine Steuer,<\/span><br \/>\n<span class=\"notranslate\">Sicherheitsma\u00dfnahmen: Angepasst an die Anforderungen der Verordnung (EU) 2016\/679, Allgemeine Verordnung zum Datenschutz.<\/span><\/p>\n<p><span class=\"notranslate\"><strong>IHRE RECHTE<\/strong><\/span><\/p>\n<p><span class=\"notranslate\">Sie haben das Recht, eine Kopie Ihrer personenbezogenen Daten bei uns anzufordern, unrichtige Angaben zu korrigieren oder zu erg\u00e4nzen, wenn diese unvollst\u00e4ndig sind, oder sie gegebenenfalls zu l\u00f6schen, wenn sie f\u00fcr die Zwecke, f\u00fcr die sie erhoben wurden, nicht mehr erforderlich sind.<\/span><\/p>\n<p><span class=\"notranslate\">Sie haben auch das Recht, die Verarbeitung Ihrer personenbezogenen Daten einzuschr\u00e4nken und Ihre personenbezogenen Daten in einem strukturierten und lesbaren Format zu erhalten.<\/span><\/p>\n<\/div>\n<div class=\"page\" title=\"Seite 8\">\n<div class=\"section\">\n<div class=\"layoutArea\">\n<div class=\"column\">\n<p><span class=\"notranslate\">Sie k\u00f6nnen der Verarbeitung Ihrer personenbezogenen Daten unter bestimmten Umst\u00e4nden widersprechen (insbesondere, wenn wir sie nicht verarbeiten m\u00fcssen, um eine vertragliche oder sonstige gesetzliche Anforderung zu erf\u00fcllen, oder wenn der Gegenstand der Behandlung Direktmarketing ist).<\/span><\/p>\n<p><span class=\"notranslate\">Wenn Sie uns Ihre Einwilligung erteilt haben, k\u00f6nnen Sie diese jederzeit widerrufen.<\/span>\u00a0<span class=\"notranslate\">Zu diesem Zeitpunkt h\u00f6ren wir auf, Ihre Daten zu verarbeiten, oder wir h\u00f6ren gegebenenfalls auf, dies f\u00fcr diesen bestimmten Zweck zu tun.<\/span>\u00a0<span class=\"notranslate\">Wenn Sie Ihre Einwilligung widerrufen, hat dies keine Auswirkungen auf eine Behandlung, die w\u00e4hrend der G\u00fcltigkeit Ihrer Einwilligung stattgefunden hat.<\/span><\/p>\n<p><span class=\"notranslate\">Diese Rechte k\u00f6nnen eingeschr\u00e4nkt sein;<\/span>\u00a0<span class=\"notranslate\">Wenn wir beispielsweise Ihrer Aufforderung nachkommen wollten, mussten wir Informationen \u00fcber eine andere Person weitergeben, oder wenn Sie uns auffordern, einige Aufzeichnungen zu l\u00f6schen, zu deren Aufbewahrung wir aufgrund einer rechtlichen Verpflichtung oder eines berechtigten Interesses wie der Verteidigung von Anspr\u00fcchen verpflichtet sind.<\/span>\u00a0<span class=\"notranslate\">Oder auch in den F\u00e4llen, in denen das Recht auf freie Meinungs\u00e4u\u00dferung und Information Vorrang haben sollte.<\/span><\/p>\n<p><span class=\"notranslate\">Sie k\u00f6nnen uns auf jede im Abschnitt Verantwortlich f\u00fcr die Behandlung dieser Datenschutzrichtlinie angegebene Weise kontaktieren, indem Sie eine Kopie eines Dokuments bereitstellen, das Ihre Identit\u00e4t belegt (normalerweise die DNI).<\/span><\/p>\n<p><span class=\"notranslate\">Ein weiteres Ihrer Rechte besteht darin, nicht Gegenstand einer Entscheidung zu sein, die ausschlie\u00dflich auf einer automatisierten Behandlung beruht, einschlie\u00dflich der Erstellung von Profilen, die rechtliche Auswirkungen haben oder Sie betreffen.<\/span><\/p>\n<p><span class=\"notranslate\">Bei Verst\u00f6\u00dfen gegen Ihre Rechte, beispielsweise wenn wir nicht auf Ihre Anfrage reagiert haben, haben Sie das Recht, bei der Kontrollbeh\u00f6rde eine Klage in Bezug auf den Datenschutz einzureichen.<\/span>\u00a0<span class=\"notranslate\">Dies kann Ihr Land sein (wenn Sie au\u00dferhalb Spaniens leben) oder die spanische Datenschutzbeh\u00f6rde (wenn Sie in Spanien leben).<\/span><\/p>\n<p><span class=\"notranslate\"><strong>Zus\u00e4tzliche Informationen<\/strong><\/span><\/p>\n<p><span class=\"notranslate\"><strong>Behandlung Ihrer Daten au\u00dferhalb des Europ\u00e4ischen Wirtschaftsraums.<\/strong><\/span><\/p>\n<p><span class=\"notranslate\">F\u00fcr die angegebenen Behandlungen k\u00f6nnen wir Dienstleistungen von folgenden Anbietern au\u00dferhalb des Europ\u00e4ischen Wirtschaftsraums in Anspruch nehmen, jedoch im Rahmen der Privacy Shield-Vereinbarung, die von den Datenschutzbeh\u00f6rden der Europ\u00e4ischen Union genehmigt wurde.<\/span><\/p>\n<p><span class=\"notranslate\">Amazon: Weitere Informationen: https:\/\/www.privacyshield.gov\/participant?id=a2zt0000000TOWQAA4 Apple iOS: Weitere Informationen: https:\/\/www.privacyshield.gov\/participant?id=a2zt0000000GnZjAAK Dropbox: Weitere Informationen: https: \/\/ www.privacyshield.gov\/participant?id=a2zt0000000GnCLAA0 Facebook \/ Instagram (FB Messenger): Weitere Informationen: https:\/\/www.privacyshield.gov\/participant?id=a2zt0000000GnywAAC<\/span><\/p>\n<p><span class=\"notranslate\">Google (Drive \/ Mail &#8230;): Weitere Informationen: https:\/\/www.privacyshield.gov\/participant?id=a2zt000000001L5AAI<\/span><br \/>\n<span class=\"notranslate\">Linkedin: Weitere Informationen: https:\/\/www.privacyshield.gov\/participant?id=a2zt0000000L0UZAA0 Microsoft (Drive, Skype &#8230;): Weitere Informationen: https:\/\/www.privacyshield.gov\/participant?id=a2zt0000000KzNaAAK<\/span><br \/>\n<span class=\"notranslate\">Twitter: Social Network Micromessages Weitere Informationen: https:\/\/www.privacyshield.gov\/participant?id=a2zt0000000TORzAAO&amp;status=Active<\/span><br \/>\n<span class=\"notranslate\">WhatsApp: Mobile Instant Messaging Weitere Informationen: https:\/\/www.privacyshield.gov\/participant?id=a2zt0000000TSnwAAG<\/span><\/p>\n<p><span class=\"notranslate\"><strong>Links zu Websites Dritter.<\/strong><\/span><\/p>\n<p><span class=\"notranslate\">Unsere Website kann gelegentlich Links zu anderen Websites enthalten.<\/span>\u00a0<span class=\"notranslate\">Es liegt in Ihrer Verantwortung, sicherzustellen, dass Sie die Datenschutzrichtlinien und die f\u00fcr jede Website geltenden rechtlichen Bedingungen lesen.<\/span><\/p>\n<\/div>\n<div class=\"page\" title=\"Seite 9\">\n<div class=\"section\">\n<div class=\"layoutArea\">\n<div class=\"column\">\n<p><span class=\"notranslate\"><strong>Daten von Dritten<\/strong><\/span><\/p>\n<p><span class=\"notranslate\">Wenn Sie uns Daten von Dritten zur Verf\u00fcgung stellen, \u00fcbernehmen Sie die Verantwortung, diese im Voraus gem\u00e4\u00df den Bestimmungen von Artikel 14 der RGPD zu informieren.<\/span><\/p>\n<\/div>\n<\/div>\n<\/div>\n<\/div>\n<\/div>\n<\/div>\n<\/div>\n<\/div>\n<\/div>\n<\/div>\n<\/div>\n<\/div>\n<\/div>\n<\/div>\n<\/div>\n<\/div>\n<\/div>\n<p><\/p>","protected":false},"excerpt":{"rendered":"<p>DATENSCHUTZ: VERANTWORTLICH F\u00dcR DIE BEHANDLUNG Der Behandlungsleiter ist GOULD HEINZ &amp; LANG PROPERTY CONSULTANTS IBIZA SL, Paseo S&#8217;Alamera \/ Calle &hellip;<\/p>\n","protected":false},"author":1001008,"featured_media":20188,"parent":0,"menu_order":7,"comment_status":"closed","ping_status":"closed","template":"","meta":{"_acf_changed":false,"footnotes":""},"class_list":["post-30307","page","type-page","status-publish","has-post-thumbnail","hentry"],"acf":[],"_links":{"self":[{"href":"https:\/\/ghl-ibiza.com\/de\/wp-json\/wp\/v2\/pages\/30307","targetHints":{"allow":["GET"]}}],"collection":[{"href":"https:\/\/ghl-ibiza.com\/de\/wp-json\/wp\/v2\/pages"}],"about":[{"href":"https:\/\/ghl-ibiza.com\/de\/wp-json\/wp\/v2\/types\/page"}],"author":[{"embeddable":true,"href":"https:\/\/ghl-ibiza.com\/de\/wp-json\/wp\/v2\/users\/1001008"}],"replies":[{"embeddable":true,"href":"https:\/\/ghl-ibiza.com\/de\/wp-json\/wp\/v2\/comments?post=30307"}],"version-history":[{"count":1,"href":"https:\/\/ghl-ibiza.com\/de\/wp-json\/wp\/v2\/pages\/30307\/revisions"}],"predecessor-version":[{"id":59794,"href":"https:\/\/ghl-ibiza.com\/de\/wp-json\/wp\/v2\/pages\/30307\/revisions\/59794"}],"wp:featuredmedia":[{"embeddable":true,"href":"https:\/\/ghl-ibiza.com\/de\/wp-json\/wp\/v2\/media\/20188"}],"wp:attachment":[{"href":"https:\/\/ghl-ibiza.com\/de\/wp-json\/wp\/v2\/media?parent=30307"}],"curies":[{"name":"wp","href":"https:\/\/api.w.org\/{rel}","templated":true}]}}