{"id":277,"date":"2013-02-24T20:59:21","date_gmt":"2013-02-24T19:59:21","guid":{"rendered":"http:\/\/localhost:8888\/GHL\/?page_id=277"},"modified":"2023-09-21T17:37:33","modified_gmt":"2023-09-21T15:37:33","slug":"service","status":"publish","type":"page","link":"https:\/\/ghl-ibiza.com\/de\/service-leistungen-von-ghl-property-consultants-ibiza\/","title":{"rendered":"Service"},"content":{"rendered":"<p><\/p>\n<h2 style=\"text-align: justify;\">Exklusiver Suchauftrag<\/h2>\n<p style=\"text-align: justify;\">Wir bieten unseren Kunden eine vollst\u00e4ndige Analyse des Immobilienmarktes auf Ibiza an. Vielleicht haben wir bereits die richtige Immobilie f\u00fcr Sie; sollte dies nicht der Fall sein, verf\u00fcgen wir \u00fcber beste Kontakte mit denen wir in der Vergangenheit professionell und erfolgreich zusammengearbeitet haben.<\/p>\n<p style=\"text-align: justify;\">Dies garantiert unseren Kunden da\u00df wir die bestm\u00f6gliche Immobilie f\u00fcr Sie finden. Eine ausf\u00fchrliche Analyse Ihrer W\u00fcnsche und Bed\u00fcrfnisse bildet die Grundlage dieses Mandats. Der Vorteil f\u00fcr unsere Kunden ist, dass Sie nur einen Ansprechpartner haben, einen Partner von GHL, der die Suche koordiniert und die in Frage kommenden Immobilien zuvor besichtigt und die rechtlichen Gegebenheiten pr\u00fcft.<\/p>\n<h2 style=\"text-align: justify;\">Rechtliche Beratung<\/h2>\n<p style=\"text-align: justify;\">Wir sind keine Anwaltskanzlei aber aufgrund unserer Erfahrung haben wir hervorragende Kontakte zu Spezialisten. Wir arbeiten mit den besten Anw\u00e4lten, Steuerberatern und Architekten auf Ibiza. Gerne vermitteln wir den richtigen Kontakt und begleiten Sie zu den Terminen vor Ort und moderieren die Gespr\u00e4che.<\/p>\n<h2 style=\"text-align: justify;\">Marktgerechte Preiseinwertung<\/h2>\n<p style=\"text-align: justify;\">Wir bieten eine professionelle Einwertung des tats\u00e4chlichen Marktwerts Ihrer Immobilie an die von einem der Partner erstellt wird. Als Bemessungsgrundlage dienen die Verkaufspreise von vergleichbaren Immobilien, die rechtlichen Gegebenheiten Ihrer Immobilie, die aktuelle Marktsituation sowie die jahrelange Erfahrung von uns auf Ibiza. Jede Preiseinwertung wird von einem anderen Partner gegengepr\u00fcft.<\/p>\n<p style=\"text-align: justify;\">Diese Dienstleistung ist Gegenstand unseres exklusiven Verkaufsauftrags, kann jedoch auch gegen eine Geb\u00fchr unabh\u00e4ngig davon beauftragt werden. Dies ist zum Beispiel interessant f\u00fcr Sie um ein Gef\u00fchl f\u00fcr den Marktwert Ihrer Immobilie zu bekommen, welche als Entscheidungsgrundlage f\u00fcr einen eventuellen Verkauf dient.<br \/>\nAuch f\u00fcr den K\u00e4ufer ist diese Dienstleitung wichtig um einen Anhaltspunkt f\u00fcr Preisverhandlungen zu haben.<\/p>\n<h2 style=\"text-align: justify;\">Exklusiver Verkauf durch GHL als Hauptmakler<\/h2>\n<p style=\"text-align: justify;\">Viele Kunden fragen sich wieviele Makler sie einschalten sollten um den kompletten Markt abzudecken.<\/p>\n<p style=\"text-align: justify;\">Wir bieten unseren Kunden einen exklusiven Verkauf als Hauptmakler innerhalb eines Netzwerks mit Kooperationspartnern an mit denen wir in der Vergangenheit erfolgreich zusammengearbeitet haben.<\/p>\n<h3 style=\"text-align: justify;\">Vorteile f\u00fcr den Verk\u00e4ufer:<\/h3>\n<ul style=\"text-align: justify;\">\n<li>Nur ein Ansprechpartner \u2013 Ein Partner von GHL<\/li>\n<li>Ma\u00dfgeschneiderte Marketingstrategie f\u00fcr Ihr Anwesen<\/li>\n<li>Vermeidung von Falschinformationen \u00fcber Ihr Anwesen<\/li>\n<li>Selektierte und limitierte Ver\u00f6ffentlichung Ihres Anwesen um den bestm\u00f6glichen Verkaufspreis zu garantieren<\/li>\n<li>Kooperationspartner arbeiten auf Grundlage der von GHL erstellten Marketingstrategie<\/li>\n<li>Vorselektion von Kunden und organisieren von Terminen durch GHL<\/li>\n<li>Keine unautorisierten Informationen, Besichtigungen oder Preisverhandlungen durch Dritte ohne zu vorige Zustimmung von GHL.<\/li>\n<\/ul>\n<p><\/p>","protected":false},"excerpt":{"rendered":"<p>Exklusiver Suchauftrag Wir bieten unseren Kunden eine vollst\u00e4ndige Analyse des Immobilienmarktes auf Ibiza an. Vielleicht haben wir bereits die richtige &hellip;<\/p>\n","protected":false},"author":1001005,"featured_media":54070,"parent":0,"menu_order":12,"comment_status":"open","ping_status":"open","template":"pages\/template-service.php","meta":{"_acf_changed":false,"footnotes":""},"class_list":["post-277","page","type-page","status-publish","has-post-thumbnail","hentry"],"acf":[],"_links":{"self":[{"href":"https:\/\/ghl-ibiza.com\/de\/wp-json\/wp\/v2\/pages\/277","targetHints":{"allow":["GET"]}}],"collection":[{"href":"https:\/\/ghl-ibiza.com\/de\/wp-json\/wp\/v2\/pages"}],"about":[{"href":"https:\/\/ghl-ibiza.com\/de\/wp-json\/wp\/v2\/types\/page"}],"author":[{"embeddable":true,"href":"https:\/\/ghl-ibiza.com\/de\/wp-json\/wp\/v2\/users\/1001005"}],"replies":[{"embeddable":true,"href":"https:\/\/ghl-ibiza.com\/de\/wp-json\/wp\/v2\/comments?post=277"}],"version-history":[{"count":3,"href":"https:\/\/ghl-ibiza.com\/de\/wp-json\/wp\/v2\/pages\/277\/revisions"}],"predecessor-version":[{"id":65642,"href":"https:\/\/ghl-ibiza.com\/de\/wp-json\/wp\/v2\/pages\/277\/revisions\/65642"}],"wp:featuredmedia":[{"embeddable":true,"href":"https:\/\/ghl-ibiza.com\/de\/wp-json\/wp\/v2\/media\/54070"}],"wp:attachment":[{"href":"https:\/\/ghl-ibiza.com\/de\/wp-json\/wp\/v2\/media?parent=277"}],"curies":[{"name":"wp","href":"https:\/\/api.w.org\/{rel}","templated":true}]}}