{"id":274,"date":"2013-02-24T20:45:37","date_gmt":"2013-02-24T19:45:37","guid":{"rendered":"http:\/\/localhost:8888\/GHL\/?page_id=274"},"modified":"2024-11-07T19:15:13","modified_gmt":"2024-11-07T18:15:13","slug":"profil","status":"publish","type":"page","link":"https:\/\/ghl-ibiza.com\/de\/immobilienagentur\/","title":{"rendered":"Immobilienagentur Ibiza"},"content":{"rendered":"<p><\/p>\n<p style=\"text-align: justify;\">Gould Heinz &amp; Lang property consultants Ibiza ist eine inhabergef\u00fchrte Immobilienagentur die f\u00fcr einen selektierten und limitierten Kundenstamm auf Ibiza t\u00e4tig ist. Unsere Kunden werden ausschlie\u00dflich von den Partnern betreut. Dadurch und durch die jahrelange Erfahrung jedes Einzelnen \u2013 sowohl im Immobiliensektor als auch auf der Insel &#8211; k\u00f6nnen wir ein hervorragendes Serviceniveau garantieren.<\/p>\n<p style=\"text-align: justify;\">GHL hat sich auf den Verkauf von Luxusimmobilien, Finca-Anwesen, exklusive Neubauprojekte, Grundst\u00fccken in Top Lagen sowie Liegenschaften die nicht offiziell auf dem Markt sind, spezialisiert. Wir bieten auch Investitionsm\u00f6glichkeiten wie Hotels in Meereslage zum Renovieren, Grundst\u00fccke f\u00fcr touristische Nutzung sowie Immobilien die sich als Landhotel eignen an. Erg\u00e4nzend bieten wir auch Investitionsobjekte am spanischen Festland f\u00fcr Investoren und Fonds an die seit kurzem wieder h\u00f6chst interessant sind. Durch unsere sehr guten Kontakte k\u00f6nnen wir gezielt Objekte akquirieren die f\u00fcr unsere Suchkunden in Frage kommen.<\/p>\n<p style=\"text-align: justify;\">Unser Anspruch ist ein professioneller und pers\u00f6nlicher Service f\u00fcr jeden Kunden, um dessen Traum von der eigenen Immobilie auf Ibiza zu erf\u00fcllen.<br \/>\nDie individuelle und ma\u00dfgeschneiderte Betreuung jedes Kunden vom ersten pers\u00f6nlichen Gespr\u00e4ch bis zu den \u00fcber den Verkaufsabschluss hinausreichenden Serviceleistungen steht im Vordergrund. Der Weg zur eigenen Immobilie auf Ibiza kann lang und steinig sein. Wir begleiten Sie von der Bedarfsanalyse \u00fcber die Suche bis zum Notarvertrag und dar\u00fcber hinaus. Objekte die wir unseren Kunden anbieten sind bereits auf Legalit\u00e4t und Richtigkeit der Papiere \u00fcberpr\u00fcft bevor unsere Kunden diese besichtigen. Das kann viel Zeit und \u00c4rger vermeiden. Unsere Unabh\u00e4ngigkeit ist unsere St\u00e4rke. Wir sind weder von einem Netzwerk, einer \u00fcbergeordneten Institution, noch von anderen Dienstleistern abh\u00e4ngig. Dies garantiert unseren Kunden, dass wir stets mit bestem Wissen und Gewissen ausschlie\u00dflich in derer Interesse handeln.<\/p>\n<p><\/p>","protected":false},"excerpt":{"rendered":"<p>Gould Heinz &amp; Lang property consultants Ibiza ist eine inhabergef\u00fchrte Immobilienagentur die f\u00fcr einen selektierten und limitierten Kundenstamm auf Ibiza &hellip;<\/p>\n","protected":false},"author":1001005,"featured_media":54061,"parent":0,"menu_order":11,"comment_status":"open","ping_status":"open","template":"pages\/template-blocks.php","meta":{"_acf_changed":false,"footnotes":""},"class_list":["post-274","page","type-page","status-publish","has-post-thumbnail","hentry"],"acf":[],"_links":{"self":[{"href":"https:\/\/ghl-ibiza.com\/de\/wp-json\/wp\/v2\/pages\/274","targetHints":{"allow":["GET"]}}],"collection":[{"href":"https:\/\/ghl-ibiza.com\/de\/wp-json\/wp\/v2\/pages"}],"about":[{"href":"https:\/\/ghl-ibiza.com\/de\/wp-json\/wp\/v2\/types\/page"}],"author":[{"embeddable":true,"href":"https:\/\/ghl-ibiza.com\/de\/wp-json\/wp\/v2\/users\/1001005"}],"replies":[{"embeddable":true,"href":"https:\/\/ghl-ibiza.com\/de\/wp-json\/wp\/v2\/comments?post=274"}],"version-history":[{"count":5,"href":"https:\/\/ghl-ibiza.com\/de\/wp-json\/wp\/v2\/pages\/274\/revisions"}],"predecessor-version":[{"id":71094,"href":"https:\/\/ghl-ibiza.com\/de\/wp-json\/wp\/v2\/pages\/274\/revisions\/71094"}],"wp:featuredmedia":[{"embeddable":true,"href":"https:\/\/ghl-ibiza.com\/de\/wp-json\/wp\/v2\/media\/54061"}],"wp:attachment":[{"href":"https:\/\/ghl-ibiza.com\/de\/wp-json\/wp\/v2\/media?parent=274"}],"curies":[{"name":"wp","href":"https:\/\/api.w.org\/{rel}","templated":true}]}}