{"id":19911,"date":"2018-01-01T22:30:07","date_gmt":"2018-01-01T21:30:07","guid":{"rendered":"https:\/\/ghl-ibiza.com\/?page_id=19911"},"modified":"2021-12-20T18:13:27","modified_gmt":"2021-12-20T17:13:27","slug":"terms-conditions","status":"publish","type":"page","link":"https:\/\/ghl-ibiza.com\/de\/allgemeine-geschaftsbedingungen\/","title":{"rendered":"Allgemeine Gesch\u00e4ftsbedingungen"},"content":{"rendered":"<p>Die hier abgedruckten Bedingungen gelten f\u00fcr jeden von der Firma abgeschlossenen Vertrag, es sei denn, sie werden ausdr\u00fccklich schriftlich anerkannt. Mit der Leistung einer Anzahlung best\u00e4tigt der Kunde den Vertrag und erkennt diese Bedingungen an.<\/p>\n<h3>Buchungen<\/h3>\n<p>Bevor Sie eine Buchung vornehmen, m\u00fcssen Sie sich mit uns in Verbindung setzen, um eine Best\u00e4tigung zu erhalten, dass das von Ihnen gew\u00e4hlte Objekt zu den gew\u00fcnschten Daten verf\u00fcgbar ist. Um eine Villa oder ein Apartment zu reservieren, m\u00fcssen Sie uns eine Anzahlung in H\u00f6he von 50 % des Mietpreises zukommen lassen, es sei denn, es wurde ein geringerer Prozentsatz vereinbart. Diese kann per Bank\u00fcberweisung oder durch die Online-Zahlung geleistet werden.<\/p>\n<p>Buchungen von Personen unter 18 Jahren k\u00f6nnen nicht angenommen werden. Wir behalten uns das Recht vor, eine Buchung ohne Angabe von Gr\u00fcnden abzulehnen.<\/p>\n<h3>Mietbetr\u00e4ge<\/h3>\n<p>Der Restbetrag ist in der Regel 6 Wochen vor dem Anreisedatum zu zahlen. Wenn Sie Ihren Urlaub weniger als 30 Tage vor Ihrem Anreisedatum buchen, ist der gesamte Mietpreis zum Zeitpunkt der Buchung zu zahlen.<br \/>\nF\u00fcr einige Objekte gelten m\u00f6glicherweise andere Regelungen f\u00fcr die Zahlung des Restbetrags, die zum Zeitpunkt der Buchung erl\u00e4utert werden.<\/p>\n<p>Die Entgegennahme und \u00dcberweisung der Anzahlung stellt keine Annahme der Buchung dar: Ein verbindlicher Vertrag entsteht erst mit der Ausstellung einer Best\u00e4tigungsrechnung.<\/p>\n<p>Die angegebenen Preise sind in Euro und die Mietdauer ist w\u00f6chentlich.<\/p>\n<h3>Kaution<\/h3>\n<p>Es kann eine Inventar- und Bruchkaution verlangt werden (in der Regel 1.000-5.000 \u20ac), um sich gegen eventuelle Sch\u00e4den am Objekt oder Verst\u00f6\u00dfe gegen diese Mietbedingungen abzusichern; diese wird normalerweise von GHL Ibiza im Namen beider Parteien verwahrt.\u00a0 Die Immobilien werden voll m\u00f6bliert und ausgestattet vermietet. Im Preis der meisten Objekte sind Gas, Strom, Wasser und W\u00e4sche enthalten. Die Mieter haften als Gesamtschuldner f\u00fcr alle Sch\u00e4den am Eigentum des Vermieters, die durch sie selbst oder weitere Bewohner verursacht werden.<\/p>\n<h3>Stornierungen<\/h3>\n<p>In dem unwahrscheinlichen Fall, dass eine \u00c4nderung oder Stornierung der angegebenen Ferienunterkunft erforderlich ist, werden wir Sie so schnell wie m\u00f6glich informieren und auf Wunsch versuchen, eine alternative Ferienunterkunft von \u00e4hnlichem Typ und Standard und in \u00e4hnlicher Lage wie die urspr\u00fcnglich angefragte zu organisieren. Wenn die alternative Ferienunterkunft nicht akzeptabel ist, erstatten wir Ihnen alle gezahlten Betr\u00e4ge in voller H\u00f6he zur\u00fcck und \u00fcbernehmen keine weitere Haftung.<\/p>\n<p>Bei einer Stornierung im Namen des Kunden erfolgt eine R\u00fcckerstattung nur dann, wenn eine alternative Buchung f\u00fcr die genannten Daten vorgenommen werden kann. Wenn wir nicht in der Lage sind, das Objekt erfolgreich umzubuchen, wird die Anzahlung einbehalten.<\/p>\n<p>Wir werden uns bem\u00fchen, die Villa f\u00fcr Sie umzubuchen.<\/p>\n<h3>Einchecken Auschecken<\/h3>\n<p>Sofern nicht anders angegeben, muss das Haus am ersten Tag des Mietzeitraums bis 16:00 Uhr bezugsfertig sein und am letzten Tag des Mietzeitraums bis 10:00 Uhr ger\u00e4umt werden.<\/p>\n<h3>Anzahl der G\u00e4ste \/ L\u00e4rm<\/h3>\n<p>Es ist nicht gestattet, Untermieter zu haben oder das Objekt ganz oder teilweise an Dritte abzutreten. Die Anzahl der Personen, die sich im Haus aufhalten, darf die Anzahl der Schlafpl\u00e4tze nicht \u00fcberschreiten.\u00a0 Versammlungen oder Veranstaltungen, die die Kapazit\u00e4t des Hauses \u00fcberschreiten, sind strengstens untersagt, es sei denn, es wurde vorher schriftlich etwas anderes vereinbart. Die Erlaubnis wird nach Ermessen des Eigent\u00fcmers erteilt. Der Mieter verpflichtet sich, keine laute Musik oder L\u00e4rm zu machen, der die Ruhe der Nachbarn st\u00f6ren k\u00f6nnte, und nach spanischem Recht darf nach 24 Uhr (Mitternacht) keine Musik im Freien gespielt werden, und nach 22 Uhr sollten die Ger\u00e4usche nicht mehr als 45 Dezibel betragen. Der Mieter darf keine Musikanlagen oder Lautsprecher in die Wohnung mitbringen, die nicht mit dem Haus geliefert werden. Sollte der Eigent\u00fcmer feststellen, dass eines der Verbote missachtet wurde, kann dies zu einer sofortigen Beendigung des Mietvertrags mit dem Verlust der gesamten Buchungskosten und der Kaution f\u00fchren, ohne dass eine R\u00fcckerstattung m\u00f6glich ist. Die Mieter m\u00fcssen das Haus r\u00e4umen und die Schl\u00fcssel zu dem vom Eigent\u00fcmer angegebenen Zeitpunkt zur\u00fcckgeben.<\/p>\n<p>Eine Kopie des Reisepasses mit Foto ist erforderlich.<\/p>\n<h3>Allgemeine Bestimmungen und Bedingungen<\/h3>\n<p>Dem Eigent\u00fcmer oder seinem Vertreter ist w\u00e4hrend des Aufenthalts zu jeder angemessenen Zeit der Zutritt zur Ferienunterkunft zum Zwecke der Inspektion und Wartung zu gew\u00e4hren.<\/p>\n<p>Der Kunde garantiert, dass er seine eigene Urlaubsversicherung abschlie\u00dft.<\/p>\n<p>Haftung gegen\u00fcber Dritten. Weder der Eigent\u00fcmer noch sein Vertreter haften f\u00fcr den Verlust oder die Besch\u00e4digung von pers\u00f6nlichen Gegenst\u00e4nden oder f\u00fcr Personensch\u00e4den.<\/p>\n<p>GHL Ibiza \u00fcbernimmt keine Verantwortung f\u00fcr Strom- und Wasserprobleme in den H\u00e4usern. Die Entsch\u00e4digung liegt in der Verantwortung des Eigent\u00fcmers, GHL Ibiza wird Ihnen bei Bedarf helfen. Bitte beachten Sie, dass es auf Ibiza h\u00e4ufig zu Stromausf\u00e4llen und Wasserproblemen kommt, f\u00fcr die niemand verantwortlich gemacht werden kann und f\u00fcr die keine Entsch\u00e4digung gezahlt wird, wenn sie nicht vom Eigent\u00fcmer verursacht wurden.<\/p>\n<p>Das Mitbringen von Haustieren ist nur mit vorheriger schriftlicher Zustimmung des Eigent\u00fcmers gestattet.<\/p>\n<p>Alle H\u00e4user und Wohnungen <strong>M\u00dcSSEN<\/strong> in einem \u00e4hnlichen Zustand zur\u00fcckgegeben werden, in dem Sie sie bekommen haben. Wenn Sie M\u00fclls\u00e4cke hinterlassen und das Haus oder die Wohnung in einem Chaos hinterlassen, werden Ihnen zus\u00e4tzliche Reinigungskosten in Rechnung gestellt.<\/p>\n<p>GHL Ibiza versucht sicherzustellen, dass die Informationen, die von den Eigent\u00fcmern zur Verf\u00fcgung gestellt werden, genau von uns beworben werden. Es kann jedoch zu kleinen Abweichungen zwischen der tats\u00e4chlichen Immobilie und ihrer Beschreibung kommen. Wir haften nicht f\u00fcr Meinungsverschiedenheiten \u00fcber den Zustand oder die Qualit\u00e4t des Objekts.<\/p>\n<p>GHL Ibiza agiert als Vermietungsagent f\u00fcr die Eigent\u00fcmer, sofern nicht anders angegeben, und ist in keiner Weise verantwortlich f\u00fcr die L\u00f6sung von Problemen w\u00e4hrend Ihres Aufenthaltes in der Immobilie; diese m\u00fcssen mit dem Eigent\u00fcmer oder einem ernannten Vertreter des Eigent\u00fcmers besprochen werden. Wir werden uns jedoch bem\u00fchen, Ihnen in jeder m\u00f6glichen Weise zu helfen.<\/p>","protected":false},"excerpt":{"rendered":"<p>Die hier abgedruckten Bedingungen gelten f\u00fcr jeden von der Firma abgeschlossenen Vertrag, es sei denn, sie werden ausdr\u00fccklich schriftlich anerkannt. &hellip;<\/p>\n","protected":false},"author":1001008,"featured_media":20188,"parent":0,"menu_order":19,"comment_status":"closed","ping_status":"closed","template":"","meta":{"_acf_changed":false,"footnotes":""},"class_list":["post-19911","page","type-page","status-publish","has-post-thumbnail","hentry"],"acf":[],"_links":{"self":[{"href":"https:\/\/ghl-ibiza.com\/de\/wp-json\/wp\/v2\/pages\/19911","targetHints":{"allow":["GET"]}}],"collection":[{"href":"https:\/\/ghl-ibiza.com\/de\/wp-json\/wp\/v2\/pages"}],"about":[{"href":"https:\/\/ghl-ibiza.com\/de\/wp-json\/wp\/v2\/types\/page"}],"author":[{"embeddable":true,"href":"https:\/\/ghl-ibiza.com\/de\/wp-json\/wp\/v2\/users\/1001008"}],"replies":[{"embeddable":true,"href":"https:\/\/ghl-ibiza.com\/de\/wp-json\/wp\/v2\/comments?post=19911"}],"version-history":[{"count":0,"href":"https:\/\/ghl-ibiza.com\/de\/wp-json\/wp\/v2\/pages\/19911\/revisions"}],"wp:featuredmedia":[{"embeddable":true,"href":"https:\/\/ghl-ibiza.com\/de\/wp-json\/wp\/v2\/media\/20188"}],"wp:attachment":[{"href":"https:\/\/ghl-ibiza.com\/de\/wp-json\/wp\/v2\/media?parent=19911"}],"curies":[{"name":"wp","href":"https:\/\/api.w.org\/{rel}","templated":true}]}}