{"id":15957,"date":"2016-05-10T16:47:33","date_gmt":"2016-05-10T14:47:33","guid":{"rendered":"http:\/\/inmediaserver.local\/www.ghl-ibiza.com\/?page_id=15957"},"modified":"2018-01-02T17:52:40","modified_gmt":"2018-01-02T16:52:40","slug":"ibiza-property-o","status":"publish","type":"page","link":"https:\/\/ghl-ibiza.com\/de\/immobilien-ibiza-o\/","title":{"rendered":"Immobilien Ibiza"},"content":{"rendered":"<p>Besonders in den letzten Jahren stieg die Suche nach Immobilien auf Ibiza Ibiza au\u00dferordentlich und stetig. Au\u00dfergew\u00f6hnliche <a href=\"https:\/\/ghl-ibiza.com\/de\/immobilien-ibiza\/\">Immobilien Ibiza<\/a> liegen nicht nur in einem trend, nein, sie sind auch\u00a0wertbest\u00e4ndig und sogar als wertsteigend zu sehen. Die nat\u00fcrliche r\u00e4umliche Knappheit an Immobilien\u00a0hat zur Folge, dass oftmals die Nachfrage h\u00f6her ist als die angebotenen objekte\u00a0auf dem Markt.<\/p>\n<p>Wir von GHL property consultants bieten eine Vielzahl von au\u00dfergew\u00f6hnlichen <a href=\"https:\/\/ghl-ibiza.com\/de\/immobilien-ibiza\/\">Ibiza-Immobilien<\/a>, die Sie sicherlich interessieren werden. Hier auf dieser Seite m\u00f6chten wir Ihnen lediglich einen kleinen aber ausgesuchten Teil unseres <a href=\"https:\/\/ghl-ibiza.com\/de\/ibiza-immobilien-agentur\/\">Portfolios<\/a> vorstellen. Sollte nicht das Richtige dabei sein, bet\u00e4tigen Sie einfach unseren Suchmechanismus oder kontaktieren Sie uns mit Ihren W\u00fcnschen und Vorstellungen, damit wir Ihnen auf Sie zugeschnittenen Objekte an Immobilien\u00a0zusenden k\u00f6nnen.<\/p>","protected":false},"excerpt":{"rendered":"<p>Besonders in den letzten Jahren stieg die Suche nach Immobilien auf Ibiza Ibiza au\u00dferordentlich und stetig. Au\u00dfergew\u00f6hnliche Immobilien Ibiza liegen &hellip;<\/p>\n","protected":false},"author":1001005,"featured_media":6984,"parent":0,"menu_order":43,"comment_status":"closed","ping_status":"closed","template":"","meta":{"_acf_changed":false,"footnotes":""},"class_list":["post-15957","page","type-page","status-publish","has-post-thumbnail","hentry"],"acf":[],"_links":{"self":[{"href":"https:\/\/ghl-ibiza.com\/de\/wp-json\/wp\/v2\/pages\/15957","targetHints":{"allow":["GET"]}}],"collection":[{"href":"https:\/\/ghl-ibiza.com\/de\/wp-json\/wp\/v2\/pages"}],"about":[{"href":"https:\/\/ghl-ibiza.com\/de\/wp-json\/wp\/v2\/types\/page"}],"author":[{"embeddable":true,"href":"https:\/\/ghl-ibiza.com\/de\/wp-json\/wp\/v2\/users\/1001005"}],"replies":[{"embeddable":true,"href":"https:\/\/ghl-ibiza.com\/de\/wp-json\/wp\/v2\/comments?post=15957"}],"version-history":[{"count":0,"href":"https:\/\/ghl-ibiza.com\/de\/wp-json\/wp\/v2\/pages\/15957\/revisions"}],"wp:featuredmedia":[{"embeddable":true,"href":"https:\/\/ghl-ibiza.com\/de\/wp-json\/wp\/v2\/media\/6984"}],"wp:attachment":[{"href":"https:\/\/ghl-ibiza.com\/de\/wp-json\/wp\/v2\/media?parent=15957"}],"curies":[{"name":"wp","href":"https:\/\/api.w.org\/{rel}","templated":true}]}}