{"id":129,"date":"2013-02-21T20:12:11","date_gmt":"2013-02-21T19:12:11","guid":{"rendered":"http:\/\/localhost:8888\/GHL\/?page_id=129"},"modified":"2023-09-21T17:22:17","modified_gmt":"2023-09-21T15:22:17","slug":"home","status":"publish","type":"page","link":"https:\/\/ghl-ibiza.com\/de\/","title":{"rendered":"Home"},"content":{"rendered":"<p>Die Immobilienberater von Gould Heinz &#038; Lang sind eine inhabergef\u00fchrte Ibiza-Immobilienagentur mit Sitz in Santa Eul\u00e0ria, die eine wirklich pers\u00f6nliche und ma\u00dfgeschneiderte Erfahrung f\u00fcr den Kauf, Verkauf oder die Vermietung von Luxusimmobilien auf Ibiza bietet. Das GHL-Team verf\u00fcgt zusammen \u00fcber eine Erfahrung von mehr als 30 Jahren und besitzt ein umfangreiches Wissen und Zugang zu einigen der einzigartigsten Immobilien auf Ibiza. Wir sind auf der gesamten Insel t\u00e4tig, wobei wir uns auf begehrte Lagen wie Santa Gertrudis, Marina Botafoch, Es Cubells, Ibiza Stadt, Dalt Vila, Santa Eulalia, San Juan, San Jose, San Lorenzo und Roca Llisa konzentrieren. Wir konzentrieren uns auf w\u00fcnschenswerte Eigenschaften wie Meerblick, abgelegene Grundst\u00fccke oder einzigartige Insellage. Wir bieten auch Zugang zum kommerziellen Markt, zu erstklassigen Baugrundst\u00fccken und zu nicht \u00f6ffentlich auf dem Markt befindlichen Immobilien.<\/p>\n<p>Durch die auf Ibiza ans\u00e4ssigen Eigent\u00fcmer verf\u00fcgt die Agentur \u00fcber ein umfassendes Wissen \u00fcber alle Aspekte des Kaufs, Verkaufs oder der Vermietung von Immobilien auf der Insel. Dank eines umfassenden Netzwerks von Kontakten auf Ibiza sind wir in der Lage, unsere Kunden bei jedem Schritt zu begleiten, angefangen bei den rechtlichen Aspekten eines jeden Kaufs bis hin zum Abschluss des Verkaufs. Wir sind akribisch, wenn es um die Auflistung von Immobilien geht, und w\u00e4hlen mit gro\u00dfer Sorgfalt die richtigen Villen, Luxusapartments, Fincas und Ferienh\u00e4user f\u00fcr unsere Kunden aus.<br \/>\nRen\u00e9 Heinz und Philip Gould, die Eigent\u00fcmer von GHL, sind seit Ihrer Kindheit auf der Insel und kennen Ibiza in all seinen Facetten.  Ja, es ist ein Luxusimmobilienmarkt, aber es ist auch eine spirituelle Insel. Heutzutage suchen die Menschen mehr als nur Bootspartys und gutes Essen, sie kommen auf der Suche nach Frieden, Ruhe und Erholung. Unsere Concierge-Abteilung ist in der Lage, die Kunden mit den Menschen in Kontakt zu bringen, die solche Erfahrungen erm\u00f6glichen, und die Zusammenarbeit mit geeigneten Vermietern von Luxusvillen oder Fincas zu organisieren.<\/p>","protected":false},"excerpt":{"rendered":"<p>Die Immobilienberater von Gould Heinz &#038; Lang sind eine inhabergef\u00fchrte Ibiza-Immobilienagentur mit Sitz in Santa Eul\u00e0ria, die eine wirklich pers\u00f6nliche &hellip;<\/p>\n","protected":false},"author":1001005,"featured_media":54051,"parent":0,"menu_order":1,"comment_status":"open","ping_status":"closed","template":"pages\/template-home.php","meta":{"_acf_changed":false,"footnotes":""},"class_list":["post-129","page","type-page","status-publish","has-post-thumbnail","hentry"],"acf":[],"_links":{"self":[{"href":"https:\/\/ghl-ibiza.com\/de\/wp-json\/wp\/v2\/pages\/129","targetHints":{"allow":["GET"]}}],"collection":[{"href":"https:\/\/ghl-ibiza.com\/de\/wp-json\/wp\/v2\/pages"}],"about":[{"href":"https:\/\/ghl-ibiza.com\/de\/wp-json\/wp\/v2\/types\/page"}],"author":[{"embeddable":true,"href":"https:\/\/ghl-ibiza.com\/de\/wp-json\/wp\/v2\/users\/1001005"}],"replies":[{"embeddable":true,"href":"https:\/\/ghl-ibiza.com\/de\/wp-json\/wp\/v2\/comments?post=129"}],"version-history":[{"count":12,"href":"https:\/\/ghl-ibiza.com\/de\/wp-json\/wp\/v2\/pages\/129\/revisions"}],"predecessor-version":[{"id":65636,"href":"https:\/\/ghl-ibiza.com\/de\/wp-json\/wp\/v2\/pages\/129\/revisions\/65636"}],"wp:featuredmedia":[{"embeddable":true,"href":"https:\/\/ghl-ibiza.com\/de\/wp-json\/wp\/v2\/media\/54051"}],"wp:attachment":[{"href":"https:\/\/ghl-ibiza.com\/de\/wp-json\/wp\/v2\/media?parent=129"}],"curies":[{"name":"wp","href":"https:\/\/api.w.org\/{rel}","templated":true}]}}